{"id":1666,"date":"2015-02-05T10:22:10","date_gmt":"2015-02-05T10:22:10","guid":{"rendered":"https:\/\/napolglobal.com\/contact-us\/"},"modified":"2024-02-28T09:06:43","modified_gmt":"2024-02-28T09:06:43","slug":"iletisim","status":"publish","type":"page","link":"https:\/\/napolglobal.com\/tr\/iletisim\/","title":{"rendered":"\u0130leti\u015fim"},"content":{"rendered":"<section class=\"wpb-content-wrapper\"><p>[vc_row row_type=&#8221;row_full_center_content&#8221; padding_top=&#8221;10&#8243;][vc_column width=&#8221;1\/2&#8243;][\/vc_column][vc_column width=&#8221;1\/2&#8243;][vc_row_inner][vc_column_inner width=&#8221;1\/2&#8243; css=&#8221;.vc_custom_1423767656799{margin-top: 60px !important;margin-bottom: 40px !important;}&#8221;][vc_column_text]<\/p>\n<h4>Ofis Adres<\/h4>\n<p style=\"text-align: left;\">Tatl\u0131su Mahallesi, Erkaya Sokak No:1\/12<\/p>\n<p>34774 \u00dcmraniye\/\u0130stanbul<br \/>\nT\u00fcrkiye<\/p>\n<h4>Depo Adres<\/h4>\n<p>\u0130stasyon Mahallesi, Yar\u0131\u015f \u00c7\u0131kmaz\u0131 Sokak, No:1\/271<\/p>\n<p>34940 Tuzla\/\u0130stanbul<\/p>\n<p>T\u00fcrkiye[\/vc_column_text][\/vc_column_inner][vc_column_inner width=&#8221;1\/2&#8243; css=&#8221;.vc_custom_1423767662799{margin-top: 60px !important;margin-bottom: 40px !important;}&#8221;][vc_column_text]<\/p>\n<h4>\u0130leti\u015fim<\/h4>\n<p>Ofis: <a href=\"https:\/\/www.google.com\/search?q=napol+global&amp;newwindow=1&amp;client=opera-gx&amp;hs=mKb&amp;sca_esv=582562369&amp;sxsrf=AM9HkKkQ0Lqq0MYqilkB0JiXDymI9aM_lw%3A1700041004127&amp;ei=LJFUZbG2B-7kxc8Psb2dsAY&amp;gs_ssp=eJzj4tVP1zc0LEouS6pIMyk3YLRSNagwNElOTDZPMTNKMUw0s0gztjKoMDdLNjMxMEozSUo1Mk0zMPfiyUssyM9RSM_JT0rMAQCrZhRN&amp;oq=Napol+g&amp;gs_lp=Egxnd3Mtd2l6LXNlcnAiB05hcG9sIGcqAggAMgsQLhiABBjHARivATIKEAAYgAQYywEYCjIKEAAYgAQYywEYCjIKEAAYgAQYywEYCjIGEAAYFhgeMgYQABgWGB4yBhAAGBYYHjIGEAAYFhgeMgYQABgWGB4yBhAAGBYYHjIaEC4YgAQYxwEYrwEYlwUY3AQY3gQY4ATYAQFI_RxQ1gpYxBRwA3gBkAEAmAGPAaABmgeqAQMwLje4AQPIAQD4AQHCAgoQABhHGNYEGLADwgINEAAYgAQYigUYsAMYQ8ICCxAAGIAEGLEDGIMBwgIIEAAYgAQYsQPCAhEQLhiABBixAxiDARjHARjRA8ICBRAAGIAEwgIOEC4YgAQYigUYsQMYgwHCAg4QABiABBiKBRixAxiDAcICChAjGIAEGIoFGCfCAhAQABiABBiKBRixAxiDARhDwgIFEC4YgATCAgQQLhgDwgIQEC4YgAQYigUYxwEY0QMYQ8ICDRAuGLEDGIAEGIoFGEPCAhAQLhiABBiKBRixAxiDARhDwgILEC4YgAQYsQMYgwHCAgoQABiABBiKBRhDwgIKEC4YgAQYigUYQ8ICHxAuGIAEGIoFGMcBGNEDGEMYlwUY3AQY3gQY4ATYAQHCAgsQLhiDARixAxiABMICCBAuGIAEGLEDwgINEC4YgAQYsQMYgwEYCsICBxAAGIAEGArCAgcQLhiABBgK4gMEGAAgQYgGAZAGCroGBggBEAEYFA&amp;sclient=gws-wiz-serp#\" data-dtype=\"d3ph\" data-local-attribute=\"d3ph\" data-ved=\"2ahUKEwjdxJaWp8uCAxXRR_EDHYk_DAIQkAgoAHoECDwQAw\"><span aria-label=\"0533 466 25 63 Numaral\u0131 Telefonu Ara\">0533 466 25 63<\/span><\/a><\/p>\n<p>Depo: <a href=\"https:\/\/www.google.com\/search?q=napol+global&amp;newwindow=1&amp;client=opera-gx&amp;hs=mKb&amp;sca_esv=582562369&amp;sxsrf=AM9HkKkQ0Lqq0MYqilkB0JiXDymI9aM_lw%3A1700041004127&amp;ei=LJFUZbG2B-7kxc8Psb2dsAY&amp;gs_ssp=eJzj4tVP1zc0LEouS6pIMyk3YLRSNagwNElOTDZPMTNKMUw0s0gztjKoMDdLNjMxMEozSUo1Mk0zMPfiyUssyM9RSM_JT0rMAQCrZhRN&amp;oq=Napol+g&amp;gs_lp=Egxnd3Mtd2l6LXNlcnAiB05hcG9sIGcqAggAMgsQLhiABBjHARivATIKEAAYgAQYywEYCjIKEAAYgAQYywEYCjIKEAAYgAQYywEYCjIGEAAYFhgeMgYQABgWGB4yBhAAGBYYHjIGEAAYFhgeMgYQABgWGB4yBhAAGBYYHjIaEC4YgAQYxwEYrwEYlwUY3AQY3gQY4ATYAQFI_RxQ1gpYxBRwA3gBkAEAmAGPAaABmgeqAQMwLje4AQPIAQD4AQHCAgoQABhHGNYEGLADwgINEAAYgAQYigUYsAMYQ8ICCxAAGIAEGLEDGIMBwgIIEAAYgAQYsQPCAhEQLhiABBixAxiDARjHARjRA8ICBRAAGIAEwgIOEC4YgAQYigUYsQMYgwHCAg4QABiABBiKBRixAxiDAcICChAjGIAEGIoFGCfCAhAQABiABBiKBRixAxiDARhDwgIFEC4YgATCAgQQLhgDwgIQEC4YgAQYigUYxwEY0QMYQ8ICDRAuGLEDGIAEGIoFGEPCAhAQLhiABBiKBRixAxiDARhDwgILEC4YgAQYsQMYgwHCAgoQABiABBiKBRhDwgIKEC4YgAQYigUYQ8ICHxAuGIAEGIoFGMcBGNEDGEMYlwUY3AQY3gQY4ATYAQHCAgsQLhiDARixAxiABMICCBAuGIAEGLEDwgINEC4YgAQYsQMYgwEYCsICBxAAGIAEGArCAgcQLhiABBgK4gMEGAAgQYgGAZAGCroGBggBEAEYFA&amp;sclient=gws-wiz-serp#\">0532 768 41 13<\/a><\/p>\n<p><a href=\"mailto:info@napolglobal.com\">info@napolglobal.com<\/a><\/p>\n<p>[\/vc_column_text][\/vc_column_inner][\/vc_row_inner][\/vc_column][\/vc_row]<\/p>\n<\/section>","protected":false},"excerpt":{"rendered":"<p>[vc_row row_type=&#8221;row_full_center_content&#8221; padding_top=&#8221;10&#8243;][vc_column width=&#8221;1\/2&#8243;][\/vc_column][vc_column width=&#8221;1\/2&#8243;][vc_row_inner][vc_column_inner width=&#8221;1\/2&#8243; css=&#8221;.vc_custom_1423767656799{margin-top: 60px !important;margin-bottom: 40px !important;}&#8221;][vc_column_text] Ofis Adres Tatl\u0131su Mahallesi, Erkaya Sokak No:1\/12 34774 \u00dcmraniye\/\u0130stanbul T\u00fcrkiye &#8230;<\/p>\n","protected":false},"author":1,"featured_media":0,"parent":0,"menu_order":0,"comment_status":"open","ping_status":"closed","template":"","meta":{"footnotes":""},"class_list":["post-1666","page","type-page","status-publish","hentry"],"_links":{"self":[{"href":"https:\/\/napolglobal.com\/tr\/wp-json\/wp\/v2\/pages\/1666","targetHints":{"allow":["GET"]}}],"collection":[{"href":"https:\/\/napolglobal.com\/tr\/wp-json\/wp\/v2\/pages"}],"about":[{"href":"https:\/\/napolglobal.com\/tr\/wp-json\/wp\/v2\/types\/page"}],"author":[{"embeddable":true,"href":"https:\/\/napolglobal.com\/tr\/wp-json\/wp\/v2\/users\/1"}],"replies":[{"embeddable":true,"href":"https:\/\/napolglobal.com\/tr\/wp-json\/wp\/v2\/comments?post=1666"}],"version-history":[{"count":2,"href":"https:\/\/napolglobal.com\/tr\/wp-json\/wp\/v2\/pages\/1666\/revisions"}],"predecessor-version":[{"id":1668,"href":"https:\/\/napolglobal.com\/tr\/wp-json\/wp\/v2\/pages\/1666\/revisions\/1668"}],"wp:attachment":[{"href":"https:\/\/napolglobal.com\/tr\/wp-json\/wp\/v2\/media?parent=1666"}],"curies":[{"name":"wp","href":"https:\/\/api.w.org\/{rel}","templated":true}]}}