{"id":1661,"date":"2024-01-15T06:58:59","date_gmt":"2024-01-15T06:58:59","guid":{"rendered":"https:\/\/napolglobal.com\/products\/ozel-aplikasyonlar\/envelope-window-film\/"},"modified":"2024-02-28T08:52:04","modified_gmt":"2024-02-28T08:52:04","slug":"zarf-pencere-filmi","status":"publish","type":"page","link":"https:\/\/napolglobal.com\/tr\/products\/ozel-aplikasyonlar\/zarf-pencere-filmi\/","title":{"rendered":"Zarf Pencere Filmi"},"content":{"rendered":"<section class=\"wpb-content-wrapper\"><p>[vc_row margin_top=&#8221;-40&#8243;][vc_column width=&#8221;1\/2&#8243;][vc_column_text]<\/p>\n<p>Napol, mektup zarf\u0131 \u00fcreticilerinin ihtiyac\u0131 olan pencere filmi konusunda uzmanla\u015fm\u0131\u015ft\u0131r. \u00dcreticinin talebine g\u00f6re, Mat, parlak, tek taraf yada \u00e7ift taraf koronal\u0131 olarak, BOPP malzemeden istenilen \u00f6l\u00e7\u00fcye uygun olarak tedarik eder.<\/p>\n<p>[\/vc_column_text][vc_btn title=&#8221;\u00d6zellikler&#8221; size=&#8221;lg&#8221; align=&#8221;left&#8221; button_block=&#8221;true&#8221; css=&#8221;.vc_custom_1705387585693{margin-top: -20px !important;}&#8221;][vc_column_text]<\/p>\n<ul>\n<li>Kal\u0131nl\u0131k (\u03bcm) 27,29,35 mikron<\/li>\n<li>D\u00fc\u015f\u00fck yans\u0131ma<\/li>\n<li>Dengeli mekanik \u00f6zellikler<\/li>\n<li>\u00c7ift taraf yada tek taraf koronal\u0131<\/li>\n<li>BOPP filmi<\/li>\n<li>\u0130deal sertlik seviye ile kesime uygun<\/li>\n<li>Mat veya Parlak katman<\/li>\n<li>Antistatik \u00f6zellikler<\/li>\n<li>Dakikada 1400\u2019e kadar \u00e7al\u0131\u015fma h\u0131z\u0131<\/li>\n<li>%100 Elektronik optik okuma<\/li>\n<li>OPS ve Ka\u011f\u0131ttan daha d\u00fc\u015f\u00fck yo\u011funluk (0,91 \u00f6zg\u00fcl yo\u011funlu\u011fa sahip BOPP, zarf pencereleme i\u00e7in yayg\u0131n olarak kullan\u0131lan<\/li>\n<li>OPS&#8217;nin 1,04 yo\u011funlu\u011funa k\u0131yasla en uygun maliyetli plastik pencereleme \u00e7\u00f6z\u00fcm\u00fcd\u00fcr.)<\/li>\n<\/ul>\n<p>[\/vc_column_text][\/vc_column][vc_column width=&#8221;1\/2&#8243;][vc_single_image image=&#8221;1534&#8243;][\/vc_column][\/vc_row]<\/p>\n<\/section>","protected":false},"excerpt":{"rendered":"<p>[vc_row margin_top=&#8221;-40&#8243;][vc_column width=&#8221;1\/2&#8243;][vc_column_text] Napol, mektup zarf\u0131 \u00fcreticilerinin ihtiyac\u0131 olan pencere filmi konusunda uzmanla\u015fm\u0131\u015ft\u0131r. \u00dcreticinin talebine g\u00f6re, Mat, parlak, tek taraf yada &#8230;<\/p>\n","protected":false},"author":1,"featured_media":0,"parent":1174,"menu_order":1,"comment_status":"closed","ping_status":"closed","template":"","meta":{"footnotes":""},"class_list":["post-1661","page","type-page","status-publish","hentry"],"_links":{"self":[{"href":"https:\/\/napolglobal.com\/tr\/wp-json\/wp\/v2\/pages\/1661","targetHints":{"allow":["GET"]}}],"collection":[{"href":"https:\/\/napolglobal.com\/tr\/wp-json\/wp\/v2\/pages"}],"about":[{"href":"https:\/\/napolglobal.com\/tr\/wp-json\/wp\/v2\/types\/page"}],"author":[{"embeddable":true,"href":"https:\/\/napolglobal.com\/tr\/wp-json\/wp\/v2\/users\/1"}],"replies":[{"embeddable":true,"href":"https:\/\/napolglobal.com\/tr\/wp-json\/wp\/v2\/comments?post=1661"}],"version-history":[{"count":2,"href":"https:\/\/napolglobal.com\/tr\/wp-json\/wp\/v2\/pages\/1661\/revisions"}],"predecessor-version":[{"id":1663,"href":"https:\/\/napolglobal.com\/tr\/wp-json\/wp\/v2\/pages\/1661\/revisions\/1663"}],"up":[{"embeddable":true,"href":"https:\/\/napolglobal.com\/tr\/wp-json\/wp\/v2\/pages\/1174"}],"wp:attachment":[{"href":"https:\/\/napolglobal.com\/tr\/wp-json\/wp\/v2\/media?parent=1661"}],"curies":[{"name":"wp","href":"https:\/\/api.w.org\/{rel}","templated":true}]}}