{"id":1656,"date":"2024-01-08T14:07:23","date_gmt":"2024-01-08T14:07:23","guid":{"rendered":"https:\/\/napolglobal.com\/products\/termal-kagit\/polyethylene-wrapping-paper\/"},"modified":"2024-02-27T12:56:14","modified_gmt":"2024-02-27T12:56:14","slug":"polyethylene-wrapping-paper","status":"publish","type":"page","link":"https:\/\/napolglobal.com\/tr\/products\/termal-kagit\/polyethylene-wrapping-paper\/","title":{"rendered":"Polietilenli Ambalaj Ka\u011f\u0131d\u0131"},"content":{"rendered":"<section class=\"wpb-content-wrapper\"><p>[vc_row margin_top=&#8221;-40&#8243;][vc_column][vc_column_text]<\/p>\n<p>Polietilenli ambalaj ka\u011f\u0131d\u0131, genellikle medikal paketleme ve benzeri hassas \u00fcr\u00fcnler i\u00e7in kullan\u0131lan bir ambalaj malzemesidir. Polietilen, dayan\u0131kl\u0131l\u0131\u011f\u0131 ve su ge\u00e7irmez \u00f6zellikleri nedeniyle \u00e7e\u015fitli end\u00fcstrilerde yayg\u0131n olarak kullan\u0131lan bir plastik malzemedir. Bu \u00f6zellikleri, medikal \u00fcr\u00fcnlerin g\u00fcvenli bir \u015fekilde saklanmas\u0131n\u0131 ve ta\u015f\u0131nmas\u0131n\u0131 sa\u011flamak i\u00e7in ideal k\u0131lar.<\/p>\n<p>[\/vc_column_text][\/vc_column][\/vc_row][vc_row][vc_column][vc_btn title=&#8221;\u00dcr\u00fcn Yelpazesi&#8221; size=&#8221;lg&#8221; align=&#8221;left&#8221; button_block=&#8221;true&#8221;][vc_column_text]<\/p>\n<p>Ka\u011f\u0131t + Polietilen: 40gsm-90gsm 5gsm &#8211; 25gsm<\/p>\n<p>[\/vc_column_text][\/vc_column][\/vc_row]<\/p>\n<\/section>","protected":false},"excerpt":{"rendered":"<p>[vc_row margin_top=&#8221;-40&#8243;][vc_column][vc_column_text] Polietilenli ambalaj ka\u011f\u0131d\u0131, genellikle medikal paketleme ve benzeri hassas \u00fcr\u00fcnler i\u00e7in kullan\u0131lan bir ambalaj malzemesidir. Polietilen, dayan\u0131kl\u0131l\u0131\u011f\u0131 ve su &#8230;<\/p>\n","protected":false},"author":1,"featured_media":0,"parent":1163,"menu_order":4,"comment_status":"closed","ping_status":"closed","template":"","meta":{"footnotes":""},"class_list":["post-1656","page","type-page","status-publish","hentry"],"_links":{"self":[{"href":"https:\/\/napolglobal.com\/tr\/wp-json\/wp\/v2\/pages\/1656","targetHints":{"allow":["GET"]}}],"collection":[{"href":"https:\/\/napolglobal.com\/tr\/wp-json\/wp\/v2\/pages"}],"about":[{"href":"https:\/\/napolglobal.com\/tr\/wp-json\/wp\/v2\/types\/page"}],"author":[{"embeddable":true,"href":"https:\/\/napolglobal.com\/tr\/wp-json\/wp\/v2\/users\/1"}],"replies":[{"embeddable":true,"href":"https:\/\/napolglobal.com\/tr\/wp-json\/wp\/v2\/comments?post=1656"}],"version-history":[{"count":2,"href":"https:\/\/napolglobal.com\/tr\/wp-json\/wp\/v2\/pages\/1656\/revisions"}],"predecessor-version":[{"id":1658,"href":"https:\/\/napolglobal.com\/tr\/wp-json\/wp\/v2\/pages\/1656\/revisions\/1658"}],"up":[{"embeddable":true,"href":"https:\/\/napolglobal.com\/tr\/wp-json\/wp\/v2\/pages\/1163"}],"wp:attachment":[{"href":"https:\/\/napolglobal.com\/tr\/wp-json\/wp\/v2\/media?parent=1656"}],"curies":[{"name":"wp","href":"https:\/\/api.w.org\/{rel}","templated":true}]}}