{"id":1654,"date":"2024-01-08T14:06:13","date_gmt":"2024-01-08T14:06:13","guid":{"rendered":"https:\/\/napolglobal.com\/products\/termal-kagit\/pa-pe\/"},"modified":"2024-02-27T12:53:20","modified_gmt":"2024-02-27T12:53:20","slug":"pa-pe","status":"publish","type":"page","link":"https:\/\/napolglobal.com\/tr\/products\/termal-kagit\/pa-pe\/","title":{"rendered":"PA\/PE"},"content":{"rendered":"<section class=\"wpb-content-wrapper\"><p>[vc_row margin_top=&#8221;-40&#8243;][vc_column][vc_column_text]<\/p>\n<p>Poliamid filmin, polietilen ile laminasyonu sonras\u0131 s\u0131zd\u0131rmazl\u0131k sa\u011flan\u0131r. Bariyerli (Evoh katmanl\u0131), bu\u011fu \u00f6nleyicili ve s\u0131zd\u0131rmaz katman Termoform birle\u015ftirme y\u00f6ntemiyle medikal ka\u011f\u0131tlar ile \u00e7ok d\u00fc\u015f\u00fck yap\u0131\u015ft\u0131rma s\u0131cakl\u0131klar\u0131 ile yap\u0131\u015f\u0131r ve soyulabilir.<\/p>\n<p>60 mikron ile 180 mikron aras\u0131nda \u00fcretilebilir.<\/p>\n<p>[\/vc_column_text][\/vc_column][\/vc_row]<\/p>\n<\/section>","protected":false},"excerpt":{"rendered":"<p>[vc_row margin_top=&#8221;-40&#8243;][vc_column][vc_column_text] Poliamid filmin, polietilen ile laminasyonu sonras\u0131 s\u0131zd\u0131rmazl\u0131k sa\u011flan\u0131r. Bariyerli (Evoh katmanl\u0131), bu\u011fu \u00f6nleyicili ve s\u0131zd\u0131rmaz katman Termoform birle\u015ftirme y\u00f6ntemiyle &#8230;<\/p>\n","protected":false},"author":1,"featured_media":0,"parent":1163,"menu_order":3,"comment_status":"closed","ping_status":"closed","template":"","meta":{"footnotes":""},"class_list":["post-1654","page","type-page","status-publish","hentry"],"_links":{"self":[{"href":"https:\/\/napolglobal.com\/tr\/wp-json\/wp\/v2\/pages\/1654","targetHints":{"allow":["GET"]}}],"collection":[{"href":"https:\/\/napolglobal.com\/tr\/wp-json\/wp\/v2\/pages"}],"about":[{"href":"https:\/\/napolglobal.com\/tr\/wp-json\/wp\/v2\/types\/page"}],"author":[{"embeddable":true,"href":"https:\/\/napolglobal.com\/tr\/wp-json\/wp\/v2\/users\/1"}],"replies":[{"embeddable":true,"href":"https:\/\/napolglobal.com\/tr\/wp-json\/wp\/v2\/comments?post=1654"}],"version-history":[{"count":1,"href":"https:\/\/napolglobal.com\/tr\/wp-json\/wp\/v2\/pages\/1654\/revisions"}],"predecessor-version":[{"id":1655,"href":"https:\/\/napolglobal.com\/tr\/wp-json\/wp\/v2\/pages\/1654\/revisions\/1655"}],"up":[{"embeddable":true,"href":"https:\/\/napolglobal.com\/tr\/wp-json\/wp\/v2\/pages\/1163"}],"wp:attachment":[{"href":"https:\/\/napolglobal.com\/tr\/wp-json\/wp\/v2\/media?parent=1654"}],"curies":[{"name":"wp","href":"https:\/\/api.w.org\/{rel}","templated":true}]}}