{"id":1651,"date":"2024-01-08T14:05:29","date_gmt":"2024-01-08T14:05:29","guid":{"rendered":"https:\/\/napolglobal.com\/products\/termal-kagit\/medical-kraft-paper\/"},"modified":"2024-02-27T12:50:27","modified_gmt":"2024-02-27T12:50:27","slug":"medical-kraft-paper","status":"publish","type":"page","link":"https:\/\/napolglobal.com\/tr\/products\/termal-kagit\/medical-kraft-paper\/","title":{"rendered":"Medical Kraft Ka\u011f\u0131t"},"content":{"rendered":"<section class=\"wpb-content-wrapper\"><p>[vc_row margin_top=&#8221;-40&#8243;][vc_column][vc_column_text]<\/p>\n<p>Medikal ambalaj ka\u011f\u0131d\u0131, t\u0131bbi \u00fcr\u00fcnlerin ambalajlanmas\u0131 ve korunmas\u0131 i\u00e7in kullan\u0131lan \u00f6zel bir t\u00fcr ka\u011f\u0131tt\u0131r. Bu ka\u011f\u0131t, t\u0131bbi \u00fcr\u00fcnlerin hijyenik ve g\u00fcvenli bir \u015fekilde saklanmas\u0131n\u0131 sa\u011flamak amac\u0131yla \u00f6zel olarak tasarlanm\u0131\u015ft\u0131r. Sterilizasyon i\u015flemlerine dayan\u0131kl\u0131d\u0131r ve mikroorganizmalar\u0131n ge\u00e7i\u015fini engelleyebilen bir bariyer \u00f6zelli\u011fine sahiptir. Bu \u00f6zellik, t\u0131bbi \u00fcr\u00fcnlerin steril kalmas\u0131n\u0131 ve enfeksiyon riskinin azalmas\u0131n\u0131 sa\u011flar.<\/p>\n<p>Medikal ambalaj ka\u011f\u0131d\u0131, cerrahi aletler, pansuman malzemeleri, implantlar ve di\u011fer t\u0131bbi \u00fcr\u00fcnler gibi \u00e7e\u015fitli medikal \u00fcr\u00fcnlerin ambalaj\u0131nda kullan\u0131l\u0131r. Bu ka\u011f\u0131t, \u00fcr\u00fcnlerin sterilizasyon s\u00fcrecinden ge\u00e7tikten sonra g\u00fcvenli bir \u015fekilde depolanmas\u0131n\u0131 ve ta\u015f\u0131nmas\u0131n\u0131 sa\u011flar.<\/p>\n<p>60 ve 70 gram olarak mevcuttur. 6 renge kadar bask\u0131 yap\u0131labilir.<\/p>\n<p>[\/vc_column_text][\/vc_column][\/vc_row]<\/p>\n<\/section>","protected":false},"excerpt":{"rendered":"<p>[vc_row margin_top=&#8221;-40&#8243;][vc_column][vc_column_text] Medikal ambalaj ka\u011f\u0131d\u0131, t\u0131bbi \u00fcr\u00fcnlerin ambalajlanmas\u0131 ve korunmas\u0131 i\u00e7in kullan\u0131lan \u00f6zel bir t\u00fcr ka\u011f\u0131tt\u0131r. Bu ka\u011f\u0131t, t\u0131bbi \u00fcr\u00fcnlerin hijyenik &#8230;<\/p>\n","protected":false},"author":1,"featured_media":0,"parent":1163,"menu_order":2,"comment_status":"closed","ping_status":"closed","template":"","meta":{"footnotes":""},"class_list":["post-1651","page","type-page","status-publish","hentry"],"_links":{"self":[{"href":"https:\/\/napolglobal.com\/tr\/wp-json\/wp\/v2\/pages\/1651","targetHints":{"allow":["GET"]}}],"collection":[{"href":"https:\/\/napolglobal.com\/tr\/wp-json\/wp\/v2\/pages"}],"about":[{"href":"https:\/\/napolglobal.com\/tr\/wp-json\/wp\/v2\/types\/page"}],"author":[{"embeddable":true,"href":"https:\/\/napolglobal.com\/tr\/wp-json\/wp\/v2\/users\/1"}],"replies":[{"embeddable":true,"href":"https:\/\/napolglobal.com\/tr\/wp-json\/wp\/v2\/comments?post=1651"}],"version-history":[{"count":2,"href":"https:\/\/napolglobal.com\/tr\/wp-json\/wp\/v2\/pages\/1651\/revisions"}],"predecessor-version":[{"id":1653,"href":"https:\/\/napolglobal.com\/tr\/wp-json\/wp\/v2\/pages\/1651\/revisions\/1653"}],"up":[{"embeddable":true,"href":"https:\/\/napolglobal.com\/tr\/wp-json\/wp\/v2\/pages\/1163"}],"wp:attachment":[{"href":"https:\/\/napolglobal.com\/tr\/wp-json\/wp\/v2\/media?parent=1651"}],"curies":[{"name":"wp","href":"https:\/\/api.w.org\/{rel}","templated":true}]}}