{"id":1647,"date":"2024-01-08T14:03:01","date_gmt":"2024-01-08T14:03:01","guid":{"rendered":"https:\/\/napolglobal.com\/products\/termal-kagit\/medical-paper-grid-patterned\/"},"modified":"2024-02-27T12:49:02","modified_gmt":"2024-02-27T12:49:02","slug":"medical-paper-grid-patterned","status":"publish","type":"page","link":"https:\/\/napolglobal.com\/tr\/products\/termal-kagit\/medical-paper-grid-patterned\/","title":{"rendered":"Medikal Ka\u011f\u0131t Izgara Desenli"},"content":{"rendered":"<section class=\"wpb-content-wrapper\"><p>[vc_row margin_top=&#8221;-40&#8243;][vc_column width=&#8221;1\/2&#8243;][vc_column_text]<\/p>\n<p>Napol Medikal Lak Kaplamal\u0131 Ka\u011f\u0131t, Sterilizasyon ka\u011f\u0131d\u0131 veya DSR Ka\u011f\u0131t olarak da adland\u0131r\u0131l\u0131r. Etilen oksit, GAMA ve buhar sterilizasyonu i\u00e7in uygundur.<\/p>\n<p>Ka\u011f\u0131t \u00fcst\u00fcndeki lak EtO sterilizasyonu i\u00e7in gaz ge\u00e7i\u015fine izin verecek \u015fekilde \u0131zgara deseninde uygulanm\u0131\u015ft\u0131r, 60-100 gsm kal\u0131nl\u0131k aral\u0131\u011f\u0131nda ka\u011f\u0131tlar mevcuttur. Kaplama miktar\u0131 6 gram, 8 gram ve 10 gram olarak \u00fcretilebilir.<\/p>\n<p>PE Co-ekstr\u00fczyon film ile m\u00fckemmel bir \u015fekilde yap\u0131\u015ft\u0131r\u0131labilir ve kolayca soyulabilir.<\/p>\n<p>[\/vc_column_text][\/vc_column][vc_column width=&#8221;1\/2&#8243;][vc_single_image image=&#8221;1538&#8243;][\/vc_column][\/vc_row][vc_row][vc_column][vc_btn title=&#8221;Uygulama Kapsam\u0131&#8221; size=&#8221;lg&#8221; align=&#8221;left&#8221; button_block=&#8221;true&#8221;][vc_column_text]<\/p>\n<ul>\n<li>\n<p style=\"margin: 0cm;\"><span style=\"font-size: 10.0pt; font-family: Poppins; color: #666666;\">\u00a0EO sterilizasyonu i\u00e7in PE\/PP Co-ekstr\u00fczyon filmiyle otomatik paketlemede kullan\u0131l\u0131r.<\/span><\/p>\n<\/li>\n<li>\n<p style=\"margin: 0cm;\"><span style=\"font-size: 10.0pt; font-family: Poppins; color: #666666;\">\u00a0EO sterilizasyonu i\u00e7in E\/PP Co-ekstr\u00fczyon filmi ile ka\u011f\u0131t \/film po\u015fet \u00fcretiminde kullan\u0131l\u0131r.<\/span><\/p>\n<p style=\"margin: 0cm;\">\n<\/li>\n<li>\n<p style=\"margin: 0cm;\"><span style=\"font-size: 10.0pt; font-family: Poppins; color: #666666;\">\u00a0EO sterilizasyonu i\u00e7in PET\/PETG\/CPP ambalajlar ile \u0131s\u0131l yap\u0131\u015ft\u0131rmada kullan\u0131l\u0131r.<\/span><\/p>\n<\/li>\n<li>\n<p style=\"margin: 0cm;\"><span style=\"font-size: 10.0pt; font-family: Poppins; color: #666666;\">\u00a0Ka\u011f\u0131t, EN868-3 ve EN868-6 standartlar\u0131na uygundur.<\/span><\/p>\n<\/li>\n<\/ul>\n<p>[\/vc_column_text][\/vc_column][\/vc_row]<\/p>\n<\/section>","protected":false},"excerpt":{"rendered":"<p>[vc_row margin_top=&#8221;-40&#8243;][vc_column width=&#8221;1\/2&#8243;][vc_column_text] Napol Medikal Lak Kaplamal\u0131 Ka\u011f\u0131t, Sterilizasyon ka\u011f\u0131d\u0131 veya DSR Ka\u011f\u0131t olarak da adland\u0131r\u0131l\u0131r. Etilen oksit, GAMA ve buhar &#8230;<\/p>\n","protected":false},"author":1,"featured_media":0,"parent":1163,"menu_order":1,"comment_status":"closed","ping_status":"closed","template":"","meta":{"footnotes":""},"class_list":["post-1647","page","type-page","status-publish","hentry"],"_links":{"self":[{"href":"https:\/\/napolglobal.com\/tr\/wp-json\/wp\/v2\/pages\/1647","targetHints":{"allow":["GET"]}}],"collection":[{"href":"https:\/\/napolglobal.com\/tr\/wp-json\/wp\/v2\/pages"}],"about":[{"href":"https:\/\/napolglobal.com\/tr\/wp-json\/wp\/v2\/types\/page"}],"author":[{"embeddable":true,"href":"https:\/\/napolglobal.com\/tr\/wp-json\/wp\/v2\/users\/1"}],"replies":[{"embeddable":true,"href":"https:\/\/napolglobal.com\/tr\/wp-json\/wp\/v2\/comments?post=1647"}],"version-history":[{"count":3,"href":"https:\/\/napolglobal.com\/tr\/wp-json\/wp\/v2\/pages\/1647\/revisions"}],"predecessor-version":[{"id":1650,"href":"https:\/\/napolglobal.com\/tr\/wp-json\/wp\/v2\/pages\/1647\/revisions\/1650"}],"up":[{"embeddable":true,"href":"https:\/\/napolglobal.com\/tr\/wp-json\/wp\/v2\/pages\/1163"}],"wp:attachment":[{"href":"https:\/\/napolglobal.com\/tr\/wp-json\/wp\/v2\/media?parent=1647"}],"curies":[{"name":"wp","href":"https:\/\/api.w.org\/{rel}","templated":true}]}}