{"id":1641,"date":"2023-12-20T10:23:38","date_gmt":"2023-12-20T10:23:38","guid":{"rendered":"https:\/\/napolglobal.com\/products\/silikonlu-kagit\/pp-film\/"},"modified":"2024-02-27T12:45:52","modified_gmt":"2024-02-27T12:45:52","slug":"pp-film","status":"publish","type":"page","link":"https:\/\/napolglobal.com\/tr\/products\/silikonlu-kagit\/pp-film\/","title":{"rendered":"PP Film"},"content":{"rendered":"<section class=\"wpb-content-wrapper\"><div>[vc_row margin_top=&#8221;-40&#8243;][vc_column][vc_column_text]<\/div>\n<div><\/div>\n<div>\n<p>Polipropilenin, BOPP, MOPP, CPP gibi farkl\u0131 teknik \u00f6zelliklerde \u00fcretilmesi, \u00e7e\u015fitli uygulamalar i\u00e7in bir\u00e7ok se\u00e7enek sunar., Ayr\u0131ca y\u00fcksek s\u0131cakl\u0131k ve y\u0131rt\u0131lma direnci s\u00fcrd\u00fcr\u00fclebilir \u00fcretimler i\u00e7in \u00f6nemlidir. Bu filmin ana uygulama alan\u0131 kargo po\u015feti ve bant \u00fcretimidir.<\/p>\n<\/div>\n<div>[\/vc_column_text][vc_btn title=&#8221;Product Combinations&#8221; size=&#8221;lg&#8221; align=&#8221;left&#8221; button_block=&#8221;true&#8221; css=&#8221;.vc_custom_1705387585693{margin-top: -20px !important;}&#8221;][vc_column_text]<\/div>\n<div><\/div>\n<div>\n<table style=\"height: 95px;\" width=\"590\">\n<tbody>\n<tr>\n<td>Malzeme kal\u0131nl\u0131klar\u0131:<\/td>\n<td>20 &#8211; 60 mikron<\/td>\n<\/tr>\n<tr>\n<td>Geni\u015flik:<\/td>\n<td>20mm &#8211; 1560mm<\/td>\n<\/tr>\n<tr>\n<td>Renkler:<\/td>\n<td>\u015eeffaf, Beyaz, Pearlize<\/td>\n<\/tr>\n<tr>\n<td>Kaplama se\u00e7enekleri:<\/td>\n<td>Tek tarafl\u0131<\/td>\n<\/tr>\n<tr>\n<td>Ayr\u0131lma Kuvveti:<\/td>\n<td>3cN\/cm-18cN\/cm<\/td>\n<\/tr>\n<tr>\n<td><\/td>\n<td><\/td>\n<\/tr>\n<tr>\n<td><\/td>\n<td><\/td>\n<\/tr>\n<tr>\n<td><\/td>\n<td><\/td>\n<\/tr>\n<\/tbody>\n<\/table>\n<\/div>\n<div>[\/vc_column_text][\/vc_column][\/vc_row][vc_row][vc_column][vc_btn title=&#8221;Applications&#8221; size=&#8221;lg&#8221; align=&#8221;left&#8221; button_block=&#8221;true&#8221;][vc_column_text]<\/div>\n<div><\/div>\n<div><\/div>\n<ul>\n<li>Yap\u0131\u015fkan bantlar<\/li>\n<li>Grafik uygulamalar\u0131<\/li>\n<li>Kargo Po\u015feti Uygulamalar\u0131<\/li>\n<li>Kompozitler<\/li>\n<li>End\u00fcstriyel ve di\u011fer uygulamalar<\/li>\n<\/ul>\n<p>[\/vc_column_text][\/vc_column][\/vc_row]<\/p>\n<\/section>","protected":false},"excerpt":{"rendered":"<p>[vc_row margin_top=&#8221;-40&#8243;][vc_column][vc_column_text] Polipropilenin, BOPP, MOPP, CPP gibi farkl\u0131 teknik \u00f6zelliklerde \u00fcretilmesi, \u00e7e\u015fitli uygulamalar i\u00e7in bir\u00e7ok se\u00e7enek sunar., Ayr\u0131ca y\u00fcksek s\u0131cakl\u0131k ve &#8230;<\/p>\n","protected":false},"author":1,"featured_media":0,"parent":1154,"menu_order":8,"comment_status":"closed","ping_status":"closed","template":"","meta":{"footnotes":""},"class_list":["post-1641","page","type-page","status-publish","hentry"],"_links":{"self":[{"href":"https:\/\/napolglobal.com\/tr\/wp-json\/wp\/v2\/pages\/1641","targetHints":{"allow":["GET"]}}],"collection":[{"href":"https:\/\/napolglobal.com\/tr\/wp-json\/wp\/v2\/pages"}],"about":[{"href":"https:\/\/napolglobal.com\/tr\/wp-json\/wp\/v2\/types\/page"}],"author":[{"embeddable":true,"href":"https:\/\/napolglobal.com\/tr\/wp-json\/wp\/v2\/users\/1"}],"replies":[{"embeddable":true,"href":"https:\/\/napolglobal.com\/tr\/wp-json\/wp\/v2\/comments?post=1641"}],"version-history":[{"count":2,"href":"https:\/\/napolglobal.com\/tr\/wp-json\/wp\/v2\/pages\/1641\/revisions"}],"predecessor-version":[{"id":1643,"href":"https:\/\/napolglobal.com\/tr\/wp-json\/wp\/v2\/pages\/1641\/revisions\/1643"}],"up":[{"embeddable":true,"href":"https:\/\/napolglobal.com\/tr\/wp-json\/wp\/v2\/pages\/1154"}],"wp:attachment":[{"href":"https:\/\/napolglobal.com\/tr\/wp-json\/wp\/v2\/media?parent=1641"}],"curies":[{"name":"wp","href":"https:\/\/api.w.org\/{rel}","templated":true}]}}