{"id":1626,"date":"2023-12-20T10:04:53","date_gmt":"2023-12-20T10:04:53","guid":{"rendered":"https:\/\/napolglobal.com\/?page_id=1626"},"modified":"2024-02-27T12:30:57","modified_gmt":"2024-02-27T12:30:57","slug":"pe-film","status":"publish","type":"page","link":"https:\/\/napolglobal.com\/tr\/products\/silikonlu-kagit\/pe-film\/","title":{"rendered":"PE Film"},"content":{"rendered":"<section class=\"wpb-content-wrapper\"><p>[vc_row margin_top=&#8221;-40&#8243;][vc_column][vc_column_text]<\/p>\n<div>\n<p>Esneklik ve uzaman\u0131n gerekli oldu\u011fu yerlerde PE (Polietilen), ay\u0131r\u0131c\u0131 astarlar i\u00e7in ideal destektir. PE filmler HDPE ve LDPE&#8217; e olarak \u00fcretilebilir. Geni\u015f bir mikron yelpazesine sahiptir.<\/p>\n<\/div>\n<p>[\/vc_column_text][vc_btn title=&#8221;\u00dcr\u00fcn Kombinasyonlar\u0131&#8221; size=&#8221;lg&#8221; align=&#8221;left&#8221; button_block=&#8221;true&#8221; css=&#8221;.vc_custom_1705387585693{margin-top: -20px !important;}&#8221;][vc_column_text]<\/p>\n<table style=\"height: 95px;\" width=\"590\">\n<tbody>\n<tr>\n<td>Mevcut Kal\u0131nl\u0131klar:<\/td>\n<td>25 \u2013 60 mikron<\/td>\n<\/tr>\n<tr>\n<td>Geni\u015flik:<\/td>\n<td>20mm \u2013 1550mm<\/td>\n<\/tr>\n<tr>\n<td>Renkler:<\/td>\n<td>Farkl\u0131 renk kombinasyonlar\u0131nda \u00fcretilebilir<\/td>\n<\/tr>\n<tr>\n<td>Kaplamalar:<\/td>\n<td>Tek tarafl\u0131 silikon<\/td>\n<\/tr>\n<tr>\n<td>Ayr\u0131lma Kuvveti:<\/td>\n<td>3cN\/cm-18cN\/cm<\/td>\n<\/tr>\n<tr>\n<td><\/td>\n<td><\/td>\n<\/tr>\n<tr>\n<td><\/td>\n<td><\/td>\n<\/tr>\n<tr>\n<td><\/td>\n<td><\/td>\n<\/tr>\n<\/tbody>\n<\/table>\n<p>[\/vc_column_text][\/vc_column][\/vc_row][vc_row][vc_column][vc_btn title=&#8221;Uygulamalar&#8221; size=&#8221;lg&#8221; align=&#8221;left&#8221; button_block=&#8221;true&#8221;][vc_column_text]<\/p>\n<ul>\n<li>Yap\u0131\u015fkan bantlar<\/li>\n<li>Grafik uygulamalar\u0131<\/li>\n<li>T\u0131bbi uygulamalar<\/li>\n<li>Yap\u0131 \u0130zolasyon<\/li>\n<li>End\u00fcstriyel ve di\u011fer uygulamalar<\/li>\n<\/ul>\n<p>[\/vc_column_text][\/vc_column][\/vc_row]<\/p>\n<\/section>","protected":false},"excerpt":{"rendered":"<p>[vc_row margin_top=&#8221;-40&#8243;][vc_column][vc_column_text] Esneklik ve uzaman\u0131n gerekli oldu\u011fu yerlerde PE (Polietilen), ay\u0131r\u0131c\u0131 astarlar i\u00e7in ideal destektir. PE filmler HDPE ve LDPE&#8217; e &#8230;<\/p>\n","protected":false},"author":1,"featured_media":0,"parent":1154,"menu_order":6,"comment_status":"closed","ping_status":"closed","template":"","meta":{"footnotes":""},"class_list":["post-1626","page","type-page","status-publish","hentry"],"_links":{"self":[{"href":"https:\/\/napolglobal.com\/tr\/wp-json\/wp\/v2\/pages\/1626","targetHints":{"allow":["GET"]}}],"collection":[{"href":"https:\/\/napolglobal.com\/tr\/wp-json\/wp\/v2\/pages"}],"about":[{"href":"https:\/\/napolglobal.com\/tr\/wp-json\/wp\/v2\/types\/page"}],"author":[{"embeddable":true,"href":"https:\/\/napolglobal.com\/tr\/wp-json\/wp\/v2\/users\/1"}],"replies":[{"embeddable":true,"href":"https:\/\/napolglobal.com\/tr\/wp-json\/wp\/v2\/comments?post=1626"}],"version-history":[{"count":1,"href":"https:\/\/napolglobal.com\/tr\/wp-json\/wp\/v2\/pages\/1626\/revisions"}],"predecessor-version":[{"id":1627,"href":"https:\/\/napolglobal.com\/tr\/wp-json\/wp\/v2\/pages\/1626\/revisions\/1627"}],"up":[{"embeddable":true,"href":"https:\/\/napolglobal.com\/tr\/wp-json\/wp\/v2\/pages\/1154"}],"wp:attachment":[{"href":"https:\/\/napolglobal.com\/tr\/wp-json\/wp\/v2\/media?parent=1626"}],"curies":[{"name":"wp","href":"https:\/\/api.w.org\/{rel}","templated":true}]}}