{"id":1621,"date":"2023-12-20T09:59:39","date_gmt":"2023-12-20T09:59:39","guid":{"rendered":"https:\/\/napolglobal.com\/?page_id=1621"},"modified":"2024-02-27T12:12:19","modified_gmt":"2024-02-27T12:12:19","slug":"pe-kapli-silikonlu","status":"publish","type":"page","link":"https:\/\/napolglobal.com\/tr\/products\/silikonlu-kagit\/pe-kapli-silikonlu\/","title":{"rendered":"PE Kapl\u0131 Silikonlu"},"content":{"rendered":"<section class=\"wpb-content-wrapper\"><p>[vc_row margin_top=&#8221;-40&#8243;][vc_column][vc_column_text]<\/p>\n<div>\n<p>PE kapl\u0131 silikonlu ka\u011f\u0131t neme dayan\u0131kl\u0131d\u0131r.\u00a0Tek taraf\u0131 ve \u00e7ift taraf\u0131 kapl\u0131 olarak sunulabilir.\u00a0Ayr\u0131ca PE film kaplamas\u0131 ta\u015f\u0131y\u0131c\u0131ya tan\u0131mlanm\u0131\u015f bir y\u00fczey kalitesi kazand\u0131rabilir<\/p>\n<\/div>\n<p>[\/vc_column_text][vc_btn title=&#8221;\u00dcr\u00fcn Kombinasyonlar\u0131&#8221; size=&#8221;lg&#8221; align=&#8221;left&#8221; button_block=&#8221;true&#8221; css=&#8221;.vc_custom_1705387585693{margin-top: -20px !important;}&#8221;][vc_column_text]<\/p>\n<table style=\"height: 95px;\" width=\"590\">\n<tbody>\n<tr>\n<td>Mevcut y\u00fczey a\u011f\u0131rl\u0131klar\u0131:<\/td>\n<td>50 \u2013 135 gr\/m\u00b2<\/td>\n<\/tr>\n<tr>\n<td>Renkler:<\/td>\n<td>Beyaz,sar\u0131<\/td>\n<\/tr>\n<tr>\n<td>Y\u00fczey:<\/td>\n<td>Parlak\/mat; di\u011fer kombinasyonlar m\u00fcmk\u00fcn<\/td>\n<\/tr>\n<tr>\n<td>Kaplama se\u00e7enekleri:<\/td>\n<td>Tek ve \u00e7ift tarafl\u0131<\/td>\n<\/tr>\n<tr>\n<td>Silikon:<\/td>\n<td>Silikon de\u011feri uygulamaya g\u00f6re ayarlanabilir.<\/td>\n<\/tr>\n<tr>\n<td><\/td>\n<td><\/td>\n<\/tr>\n<tr>\n<td><\/td>\n<td><\/td>\n<\/tr>\n<tr>\n<td><\/td>\n<td><\/td>\n<\/tr>\n<\/tbody>\n<\/table>\n<p>[\/vc_column_text][\/vc_column][\/vc_row][vc_row][vc_column][vc_btn title=&#8221;Uygulamalar&#8221; size=&#8221;lg&#8221; align=&#8221;left&#8221; button_block=&#8221;true&#8221;][vc_column_text]<\/p>\n<ul>\n<li>Tekstil telas\u0131 \u00fcretimi<\/li>\n<li>Yap\u0131\u015fkan bantlar<\/li>\n<li>Medikal Uygulamalar<\/li>\n<li>End\u00fcstriyel ve di\u011fer uygulamalar<\/li>\n<\/ul>\n<p>[\/vc_column_text][\/vc_column][\/vc_row]<\/p>\n<\/section>","protected":false},"excerpt":{"rendered":"<p>[vc_row margin_top=&#8221;-40&#8243;][vc_column][vc_column_text] PE kapl\u0131 silikonlu ka\u011f\u0131t neme dayan\u0131kl\u0131d\u0131r.\u00a0Tek taraf\u0131 ve \u00e7ift taraf\u0131 kapl\u0131 olarak sunulabilir.\u00a0Ayr\u0131ca PE film kaplamas\u0131 ta\u015f\u0131y\u0131c\u0131ya tan\u0131mlanm\u0131\u015f bir &#8230;<\/p>\n","protected":false},"author":1,"featured_media":0,"parent":1154,"menu_order":4,"comment_status":"closed","ping_status":"closed","template":"","meta":{"footnotes":""},"class_list":["post-1621","page","type-page","status-publish","hentry"],"_links":{"self":[{"href":"https:\/\/napolglobal.com\/tr\/wp-json\/wp\/v2\/pages\/1621","targetHints":{"allow":["GET"]}}],"collection":[{"href":"https:\/\/napolglobal.com\/tr\/wp-json\/wp\/v2\/pages"}],"about":[{"href":"https:\/\/napolglobal.com\/tr\/wp-json\/wp\/v2\/types\/page"}],"author":[{"embeddable":true,"href":"https:\/\/napolglobal.com\/tr\/wp-json\/wp\/v2\/users\/1"}],"replies":[{"embeddable":true,"href":"https:\/\/napolglobal.com\/tr\/wp-json\/wp\/v2\/comments?post=1621"}],"version-history":[{"count":1,"href":"https:\/\/napolglobal.com\/tr\/wp-json\/wp\/v2\/pages\/1621\/revisions"}],"predecessor-version":[{"id":1622,"href":"https:\/\/napolglobal.com\/tr\/wp-json\/wp\/v2\/pages\/1621\/revisions\/1622"}],"up":[{"embeddable":true,"href":"https:\/\/napolglobal.com\/tr\/wp-json\/wp\/v2\/pages\/1154"}],"wp:attachment":[{"href":"https:\/\/napolglobal.com\/tr\/wp-json\/wp\/v2\/media?parent=1621"}],"curies":[{"name":"wp","href":"https:\/\/api.w.org\/{rel}","templated":true}]}}