{"id":1619,"date":"2023-12-20T09:57:41","date_gmt":"2023-12-20T09:57:41","guid":{"rendered":"https:\/\/napolglobal.com\/?page_id=1619"},"modified":"2024-02-27T12:07:41","modified_gmt":"2024-02-27T12:07:41","slug":"mgk-silikonlu-kagit","status":"publish","type":"page","link":"https:\/\/napolglobal.com\/tr\/products\/silikonlu-kagit\/mgk-silikonlu-kagit\/","title":{"rendered":"MGK Silikonlu Ka\u011f\u0131t"},"content":{"rendered":"<section class=\"wpb-content-wrapper\"><p>[vc_row margin_top=&#8221;-40&#8243;][vc_column][vc_column_text]<\/p>\n<div>Hijyen uygulamalar\u0131nda, 35 GSM MGK serbest b\u0131rakma astarlar\u0131 \u00f6ncelikle kendinden yap\u0131\u015fkanl\u0131 bebek bezi \u00f6n bantlar\u0131 ve kad\u0131n bak\u0131m \u00fcr\u00fcnleri (\u00f6rn. hijyenik kad\u0131n ba\u011flar\u0131\/k\u00fclot astarlar\u0131) i\u00e7in kullan\u0131l\u0131r.\u00a0Napol Global olarak \u00a0bu ka\u011f\u0131tlara, transatlantik bask\u0131 ve dilme i\u015flemlerini kendi b\u00fcnyemizde uygulayaarak k\u00fcresel hijyen end\u00fcstrisine uygun maliyetli \u00e7\u00f6z\u00fcmler ve g\u00fcvenli \u00e7\u00f6z\u00fcmler sunar\u0131z.<\/div>\n<p>[\/vc_column_text][vc_btn title=&#8221;\u00dcr\u00fcn Kombinasyonlar\u0131&#8221; size=&#8221;lg&#8221; align=&#8221;left&#8221; button_block=&#8221;true&#8221; css=&#8221;.vc_custom_1705387585693{margin-top: -20px !important;}&#8221;][vc_column_text]<\/p>\n<table style=\"height: 95px;\" width=\"590\">\n<tbody>\n<tr>\n<td>Mevcut y\u00fczey a\u011f\u0131rl\u0131klar\u0131:<\/td>\n<td>29 \u2013 51 gr\/m\u00b2<\/td>\n<\/tr>\n<tr>\n<td>K\u00e2\u011f\u0131t Rengi:<\/td>\n<td>Beyaz<\/td>\n<\/tr>\n<tr>\n<td>Kaplamalar:<\/td>\n<td>Tek tarafl\u0131<\/td>\n<\/tr>\n<tr>\n<td>Silikon:<\/td>\n<td>Solvent i\u00e7ermez<\/td>\n<\/tr>\n<tr>\n<td>Bask\u0131:<\/td>\n<td>Arka bask\u0131l\u0131 (3 renkli flekso bask\u0131)<\/td>\n<\/tr>\n<tr>\n<td><\/td>\n<td><\/td>\n<\/tr>\n<tr>\n<td><\/td>\n<td><\/td>\n<\/tr>\n<tr>\n<td><\/td>\n<td><\/td>\n<\/tr>\n<\/tbody>\n<\/table>\n<p>[\/vc_column_text][\/vc_column][\/vc_row][vc_row][vc_column][vc_btn title=&#8221;Uygulamalar&#8221; size=&#8221;lg&#8221; align=&#8221;left&#8221; button_block=&#8221;true&#8221;][vc_column_text]<\/p>\n<ul>\n<li>Hijyen (Kad\u0131n Pedi)<\/li>\n<li>Zarf \u00dcretimi<\/li>\n<li>\u015eekerleme paketleme<\/li>\n<\/ul>\n<p>[\/vc_column_text][\/vc_column][\/vc_row]<\/p>\n<\/section>","protected":false},"excerpt":{"rendered":"<p>[vc_row margin_top=&#8221;-40&#8243;][vc_column][vc_column_text] Hijyen uygulamalar\u0131nda, 35 GSM MGK serbest b\u0131rakma astarlar\u0131 \u00f6ncelikle kendinden yap\u0131\u015fkanl\u0131 bebek bezi \u00f6n bantlar\u0131 ve kad\u0131n bak\u0131m \u00fcr\u00fcnleri &#8230;<\/p>\n","protected":false},"author":1,"featured_media":0,"parent":1154,"menu_order":3,"comment_status":"closed","ping_status":"closed","template":"","meta":{"footnotes":""},"class_list":["post-1619","page","type-page","status-publish","hentry"],"_links":{"self":[{"href":"https:\/\/napolglobal.com\/tr\/wp-json\/wp\/v2\/pages\/1619","targetHints":{"allow":["GET"]}}],"collection":[{"href":"https:\/\/napolglobal.com\/tr\/wp-json\/wp\/v2\/pages"}],"about":[{"href":"https:\/\/napolglobal.com\/tr\/wp-json\/wp\/v2\/types\/page"}],"author":[{"embeddable":true,"href":"https:\/\/napolglobal.com\/tr\/wp-json\/wp\/v2\/users\/1"}],"replies":[{"embeddable":true,"href":"https:\/\/napolglobal.com\/tr\/wp-json\/wp\/v2\/comments?post=1619"}],"version-history":[{"count":1,"href":"https:\/\/napolglobal.com\/tr\/wp-json\/wp\/v2\/pages\/1619\/revisions"}],"predecessor-version":[{"id":1620,"href":"https:\/\/napolglobal.com\/tr\/wp-json\/wp\/v2\/pages\/1619\/revisions\/1620"}],"up":[{"embeddable":true,"href":"https:\/\/napolglobal.com\/tr\/wp-json\/wp\/v2\/pages\/1154"}],"wp:attachment":[{"href":"https:\/\/napolglobal.com\/tr\/wp-json\/wp\/v2\/media?parent=1619"}],"curies":[{"name":"wp","href":"https:\/\/api.w.org\/{rel}","templated":true}]}}