{"id":1606,"date":"2023-12-20T09:50:35","date_gmt":"2023-12-20T09:50:35","guid":{"rendered":"https:\/\/napolglobal.com\/?page_id=1606"},"modified":"2024-02-27T11:54:15","modified_gmt":"2024-02-27T11:54:15","slug":"glassine","status":"publish","type":"page","link":"https:\/\/napolglobal.com\/tr\/products\/silikonlu-kagit\/glassine\/","title":{"rendered":"Glassine"},"content":{"rendered":"<section class=\"wpb-content-wrapper\"><p>[vc_row margin_top=&#8221;-40&#8243;][vc_column][vc_column_text]<\/p>\n<div>Bu k\u00e2\u011f\u0131t s\u0131n\u0131f\u0131 en y\u00fcksek yo\u011funluk derecesini kapsar ve tutarl\u0131 bir silikon kaplama i\u00e7in en uygun y\u00fczeyi sunar.\u00a0Glassine iyi bir silikon kaplamas\u0131na sahiptir. Die-cut , kiss-cut gibi\u00a0 kal\u0131p kesim performans\u0131 gerektiren \u00fcr\u00fcnler i\u00e7in uygundur. K\u00e2\u011f\u0131d\u0131n yap\u0131s\u0131 gere\u011fi, ince ve tutarl\u0131 silikon kaplama uygulanabilir.\u00a0Glassine, \u00f6zellikle hassas uygulamalar i\u00e7in di\u011fer ka\u011f\u0131tlara k\u0131yasla \u00f6nemli avantajlar sunmaktad\u0131r.<\/div>\n<p>[\/vc_column_text][vc_btn title=&#8221;\u00dcr\u00fcn Kombinasyonlar\u0131&#8221; size=&#8221;lg&#8221; align=&#8221;left&#8221; button_block=&#8221;true&#8221; css=&#8221;.vc_custom_1705387585693{margin-top: -20px !important;}&#8221;][vc_column_text]<\/p>\n<table style=\"height: 95px;\" width=\"590\">\n<tbody>\n<tr>\n<td>Gramajlar:<\/td>\n<td>40 &#8211; 160 g\/m\u00b2<\/td>\n<\/tr>\n<tr>\n<td>Geni\u015flik:<\/td>\n<td>20mm &#8211; 1600mm<\/td>\n<\/tr>\n<tr>\n<td>K\u00e2\u011f\u0131t Rengi:<\/td>\n<td>Beyaz, Sar\u0131<\/td>\n<\/tr>\n<tr>\n<td>Kaplamalar:<\/td>\n<td>Tek ve \u00e7ift tarafl\u0131<\/td>\n<\/tr>\n<tr>\n<td>Silikon:<\/td>\n<td>D\u00fc\u015f\u00fck ve y\u00fcksek s\u00fcrt\u00fcnme katk\u0131l\u0131 olarak \u00fcretilebilir.<\/td>\n<\/tr>\n<tr>\n<td>Bask\u0131:<\/td>\n<td>Arka y\u00fcz\u00fcne 3 renge kadar bask\u0131 yap\u0131labilir.<\/td>\n<\/tr>\n<tr>\n<td><\/td>\n<td><\/td>\n<\/tr>\n<tr>\n<td><\/td>\n<td><\/td>\n<\/tr>\n<\/tbody>\n<\/table>\n<p>[\/vc_column_text][\/vc_column][\/vc_row][vc_row][vc_column][vc_btn title=&#8221;Uygulamalar&#8221; size=&#8221;lg&#8221; align=&#8221;left&#8221; button_block=&#8221;true&#8221;][vc_column_text]<\/p>\n<ul>\n<li>Bant ve Etiket<\/li>\n<li>Grafik uygulamalar\u0131<\/li>\n<li>Medikal Bantlar<\/li>\n<li>Kompozitler<\/li>\n<li>Di\u011fer End\u00fcstriyel Uygulamalar<\/li>\n<\/ul>\n<p>[\/vc_column_text][\/vc_column][\/vc_row]<\/p>\n<\/section>","protected":false},"excerpt":{"rendered":"<p>[vc_row margin_top=&#8221;-40&#8243;][vc_column][vc_column_text] Bu k\u00e2\u011f\u0131t s\u0131n\u0131f\u0131 en y\u00fcksek yo\u011funluk derecesini kapsar ve tutarl\u0131 bir silikon kaplama i\u00e7in en uygun y\u00fczeyi sunar.\u00a0Glassine iyi &#8230;<\/p>\n","protected":false},"author":1,"featured_media":0,"parent":1154,"menu_order":1,"comment_status":"closed","ping_status":"closed","template":"","meta":{"footnotes":""},"class_list":["post-1606","page","type-page","status-publish","hentry"],"_links":{"self":[{"href":"https:\/\/napolglobal.com\/tr\/wp-json\/wp\/v2\/pages\/1606","targetHints":{"allow":["GET"]}}],"collection":[{"href":"https:\/\/napolglobal.com\/tr\/wp-json\/wp\/v2\/pages"}],"about":[{"href":"https:\/\/napolglobal.com\/tr\/wp-json\/wp\/v2\/types\/page"}],"author":[{"embeddable":true,"href":"https:\/\/napolglobal.com\/tr\/wp-json\/wp\/v2\/users\/1"}],"replies":[{"embeddable":true,"href":"https:\/\/napolglobal.com\/tr\/wp-json\/wp\/v2\/comments?post=1606"}],"version-history":[{"count":6,"href":"https:\/\/napolglobal.com\/tr\/wp-json\/wp\/v2\/pages\/1606\/revisions"}],"predecessor-version":[{"id":1615,"href":"https:\/\/napolglobal.com\/tr\/wp-json\/wp\/v2\/pages\/1606\/revisions\/1615"}],"up":[{"embeddable":true,"href":"https:\/\/napolglobal.com\/tr\/wp-json\/wp\/v2\/pages\/1154"}],"wp:attachment":[{"href":"https:\/\/napolglobal.com\/tr\/wp-json\/wp\/v2\/media?parent=1606"}],"curies":[{"name":"wp","href":"https:\/\/api.w.org\/{rel}","templated":true}]}}