{"id":1196,"date":"2023-07-19T04:48:55","date_gmt":"2023-07-19T04:48:55","guid":{"rendered":"https:\/\/new.napolglobal.com\/products\/pek-pe-coated-kraft-papers\/"},"modified":"2023-11-27T07:30:16","modified_gmt":"2023-11-27T07:30:16","slug":"vellum-etiketler","status":"publish","type":"page","link":"https:\/\/napolglobal.com\/tr\/products\/etiketler\/vellum-etiketler\/","title":{"rendered":"Vellum Etiketler"},"content":{"rendered":"<section class=\"wpb-content-wrapper\"><p>[vc_row][vc_column][vc_column_text]Vellum Etiketler 1. Hamur ded\u011fimiz ka\u011f\u0131tlardan imal edilmektedir. 70GSM ve 65GSM genel olarak \u00e7ok kullan\u0131lanlar\u0131d\u0131r. Vellum etiketler genellikle \u015feffaf, mat veya parlak beyaz bir y\u00fczeye sahip, ince bir etiket malzemesidir. Geni\u015f bir kullan\u0131m yelpazesine sahip olan bu etiketler s\u0131k\u00e7a g\u0131da, i\u00e7ecek, kozmetik, ila\u00e7, teknoloji ve hizmet sekt\u00f6rlerinde kullan\u0131l\u0131r.<\/p>\n<p>Vellum etiketler, \u00f6zellikle \u00fcr\u00fcnlerin ambalajlama s\u00fcrecinde \u00f6nemli bir rol oynar. \u00dcr\u00fcnlerin tan\u0131t\u0131m\u0131n\u0131 ve markalama stratejilerini desteklerken, \u00fcr\u00fcnlerin korunmas\u0131na da yard\u0131mc\u0131 olur. Vellum etiketlerin bir\u00e7ok avantaj\u0131 vard\u0131r, bunlardan baz\u0131lar\u0131 \u015funlard\u0131r:<\/p>\n<p>Vellum etiketler Sel\u00fcloz elyaf bazl\u0131, y\u00fcksek kalitede ka\u011f\u0131t hamurudan \u00fcretilirler. Vellum etiketler \u00dczerlerine kalem ile yaz\u0131labilir olup, barkod yaz\u0131c\u0131lar\u0131 ve m\u00fcrekkep p\u00fcsk\u00fcrtmeli yaz\u0131c\u0131ler i\u00e7in uygundur. Parlak etiketlerden fark\u0131, \u00fczerindeki kaplamalar\u0131ndan dolay\u0131 parlak etiketler p\u00fcr\u00fcss\u00fcz bir yap\u0131ya sahipken, vellum etiketlerin y\u00fczeyleri g\u00f6zle g\u00f6r\u00fclmesi zor p\u00fcr\u00fczl\u00fc bir yap\u0131dad\u0131r. Zemin g\u00f6zenekli oldu\u011fu i\u00e7in ribbon ile bask\u0131 yap\u0131ld\u0131\u011f\u0131nda, g\u00f6zenekler dolmakta ve b\u00f6ylelikler s\u00fcrt\u00fcnmeye kar\u015f\u0131, Vellum etiketler kaplamal\u0131 etiketlere g\u00f6re daha dayan\u0131kl\u0131d\u0131rlar. Vellum etiketler yine bu g\u00f6zenekli yap\u0131lar\u0131 sebebiyle parlak etiketlere nazaran daha opak ve genellikle mat g\u00f6r\u00fcn\u00fcml\u00fcd\u00fcrler.<\/p>\n<ul>\n<li>Y\u00fcksek kaliteli g\u00f6r\u00fcn\u00fcm: Vellum etiketler, mat veya parlak beyaz y\u00fczeyleri sayesinde y\u00fcksek kaliteli bir g\u00f6r\u00fcn\u00fcm sunar.<\/li>\n<li>Bask\u0131 uyumlulu\u011fu: Bu etiketler, \u00e7o\u011fu yaz\u0131c\u0131 ile uyumlu oldu\u011fundan, bask\u0131 kalitesi y\u00fcksek ve net bir g\u00f6r\u00fcnt\u00fc sa\u011flar.<\/li>\n<li>Dayan\u0131kl\u0131l\u0131k: Vellum etiketler, genellikle suya, \u0131\u015f\u0131\u011fa ve y\u0131rt\u0131lmaya dayan\u0131kl\u0131d\u0131r, b\u00f6ylece etiketlerin uzun s\u00fcre okunakl\u0131 kalmas\u0131 sa\u011flan\u0131r.<\/li>\n<li>Yap\u0131\u015fkanl\u0131k: Bu etiketlerin arkas\u0131nda bulunan yap\u0131\u015fkan, etiketlerin kolayca yap\u0131\u015ft\u0131r\u0131lmas\u0131n\u0131 sa\u011flar ve \u00e7\u0131kar\u0131ld\u0131klar\u0131nda yap\u0131\u015fkan kal\u0131nt\u0131 b\u0131rakmaz.<\/li>\n<\/ul>\n<p>Vellum etiketler, bir\u00e7ok end\u00fcstri i\u00e7in uygun bir etiketleme se\u00e7ene\u011fi r ve \u00fcr\u00fcnlerin pazarlama ve koruma s\u00fcrecinde \u00f6nemli bir rol oynar.[\/vc_column_text][\/vc_column][\/vc_row][vc_row][vc_column][vc_column_text][\/vc_column_text][\/vc_column][\/vc_row]<\/p>\n<\/section>","protected":false},"excerpt":{"rendered":"<p>[vc_row][vc_column][vc_column_text]Vellum Etiketler 1. Hamur ded\u011fimiz ka\u011f\u0131tlardan imal edilmektedir. 70GSM ve 65GSM genel olarak \u00e7ok kullan\u0131lanlar\u0131d\u0131r. Vellum etiketler genellikle \u015feffaf, mat veya &#8230;<\/p>\n","protected":false},"author":1,"featured_media":0,"parent":1165,"menu_order":5,"comment_status":"closed","ping_status":"closed","template":"","meta":{"footnotes":""},"class_list":["post-1196","page","type-page","status-publish","hentry"],"_links":{"self":[{"href":"https:\/\/napolglobal.com\/tr\/wp-json\/wp\/v2\/pages\/1196","targetHints":{"allow":["GET"]}}],"collection":[{"href":"https:\/\/napolglobal.com\/tr\/wp-json\/wp\/v2\/pages"}],"about":[{"href":"https:\/\/napolglobal.com\/tr\/wp-json\/wp\/v2\/types\/page"}],"author":[{"embeddable":true,"href":"https:\/\/napolglobal.com\/tr\/wp-json\/wp\/v2\/users\/1"}],"replies":[{"embeddable":true,"href":"https:\/\/napolglobal.com\/tr\/wp-json\/wp\/v2\/comments?post=1196"}],"version-history":[{"count":6,"href":"https:\/\/napolglobal.com\/tr\/wp-json\/wp\/v2\/pages\/1196\/revisions"}],"predecessor-version":[{"id":1364,"href":"https:\/\/napolglobal.com\/tr\/wp-json\/wp\/v2\/pages\/1196\/revisions\/1364"}],"up":[{"embeddable":true,"href":"https:\/\/napolglobal.com\/tr\/wp-json\/wp\/v2\/pages\/1165"}],"wp:attachment":[{"href":"https:\/\/napolglobal.com\/tr\/wp-json\/wp\/v2\/media?parent=1196"}],"curies":[{"name":"wp","href":"https:\/\/api.w.org\/{rel}","templated":true}]}}