{"id":1194,"date":"2023-07-19T05:36:37","date_gmt":"2023-07-19T05:36:37","guid":{"rendered":"https:\/\/new.napolglobal.com\/company\/"},"modified":"2024-02-28T09:00:33","modified_gmt":"2024-02-28T09:00:33","slug":"hakkimizda","status":"publish","type":"page","link":"https:\/\/napolglobal.com\/tr\/hakkimizda\/","title":{"rendered":"Hakk\u0131m\u0131zda"},"content":{"rendered":"<section class=\"wpb-content-wrapper\"><p>[vc_row][vc_column][vc_column_text]<\/p>\n<p>Napol Global<\/p>\n<p>Silikonlu Ka\u011f\u0131t ve Filmler,<br \/>\nMedikal Paketleme i\u00e7in ambalaj ka\u011f\u0131tlar\u0131<br \/>\nTutkal<br \/>\nzarf pencere filmi gibi \u00e7e\u015fitli \u00fcr\u00fcnleri m\u00fc\u015fterilerine sunan bir tedarik\u00e7i firmad\u0131r. M\u00fc\u015fterilerin ihtiya\u00e7lar\u0131na \u00f6zel \u00e7\u00f6z\u00fcmler sunarak, sekt\u00f6rde \u00f6ne \u00e7\u0131kmaktad\u0131r.<\/p>\n<p>Napol Global, stoklu \u00fcr\u00fcnleri ve uzman ekibiyle m\u00fc\u015fterilerine h\u0131zl\u0131 ve g\u00fcvenilir bir hizmet sunmaktad\u0131r. Ayr\u0131ca, bask\u0131 ve dilimleme yetene\u011fine sahip olan firmam\u0131z, m\u00fc\u015fterilerinin \u00f6zel taleplerini kar\u015f\u0131layabilmektedir. Bu sayede, m\u00fc\u015fterilerin ihtiya\u00e7lar\u0131na tam olarak uygun \u00fcr\u00fcnler sunulabilmektedir.<\/p>\n<p>Firmam\u0131z, m\u00fc\u015fteri memnuniyetini \u00f6n planda tutarak, kaliteli \u00fcr\u00fcnler ve \u00f6zel \u00e7\u00f6z\u00fcmler sunmaktad\u0131r. M\u00fc\u015fterilerine g\u00fcvenilir bir i\u015f orta\u011f\u0131 olmay\u0131 hedefleyen firmam\u0131z, sekt\u00f6rdeki yenilikleri takip ederek, m\u00fc\u015fterilerinin beklentilerini kar\u015f\u0131lamaktad\u0131r. Napol Global, m\u00fc\u015fterilerine kaliteli \u00fcr\u00fcnlerle birlikte h\u0131zl\u0131 ve etkili bir hizmet sunarak, uzun s\u00fcreli i\u015f birlikleri kurmay\u0131 ama\u00e7lamaktad\u0131r.<\/p>\n<p>[\/vc_column_text][\/vc_column][\/vc_row]<\/p>\n<\/section>","protected":false},"excerpt":{"rendered":"<p>[vc_row][vc_column][vc_column_text] Napol Global Silikonlu Ka\u011f\u0131t ve Filmler, Medikal Paketleme i\u00e7in ambalaj ka\u011f\u0131tlar\u0131 Tutkal zarf pencere filmi gibi \u00e7e\u015fitli \u00fcr\u00fcnleri m\u00fc\u015fterilerine sunan &#8230;<\/p>\n","protected":false},"author":1,"featured_media":0,"parent":0,"menu_order":8,"comment_status":"closed","ping_status":"closed","template":"","meta":{"footnotes":""},"class_list":["post-1194","page","type-page","status-publish","hentry"],"_links":{"self":[{"href":"https:\/\/napolglobal.com\/tr\/wp-json\/wp\/v2\/pages\/1194","targetHints":{"allow":["GET"]}}],"collection":[{"href":"https:\/\/napolglobal.com\/tr\/wp-json\/wp\/v2\/pages"}],"about":[{"href":"https:\/\/napolglobal.com\/tr\/wp-json\/wp\/v2\/types\/page"}],"author":[{"embeddable":true,"href":"https:\/\/napolglobal.com\/tr\/wp-json\/wp\/v2\/users\/1"}],"replies":[{"embeddable":true,"href":"https:\/\/napolglobal.com\/tr\/wp-json\/wp\/v2\/comments?post=1194"}],"version-history":[{"count":3,"href":"https:\/\/napolglobal.com\/tr\/wp-json\/wp\/v2\/pages\/1194\/revisions"}],"predecessor-version":[{"id":1665,"href":"https:\/\/napolglobal.com\/tr\/wp-json\/wp\/v2\/pages\/1194\/revisions\/1665"}],"wp:attachment":[{"href":"https:\/\/napolglobal.com\/tr\/wp-json\/wp\/v2\/media?parent=1194"}],"curies":[{"name":"wp","href":"https:\/\/api.w.org\/{rel}","templated":true}]}}