{"id":1187,"date":"2023-07-19T05:20:07","date_gmt":"2023-07-19T05:20:07","guid":{"rendered":"https:\/\/new.napolglobal.com\/applications\/customised-solutions\/"},"modified":"2023-11-27T07:35:02","modified_gmt":"2023-11-27T07:35:02","slug":"pet-etiketler","status":"publish","type":"page","link":"https:\/\/napolglobal.com\/tr\/products\/etiketler\/pet-etiketler\/","title":{"rendered":"PET Etiketler"},"content":{"rendered":"<section class=\"wpb-content-wrapper\"><p>[vc_row][vc_column][vc_column_text]PET etiketler, polyesterin bir formu olan polietilen tereftalat (PET) malzemeden \u00fcretilen bir etiket t\u00fcr\u00fcd\u00fcr. PET, su \u015fi\u015feleri, g\u0131da kaplar\u0131 ve ambalaj malzemeleri dahil olmak \u00fczere geni\u015f bir \u00fcr\u00fcn yelpazesinin imalat\u0131nda yayg\u0131n olarak kullan\u0131lan hafif, dayan\u0131kl\u0131 ve \u00e7ok y\u00f6nl\u00fc bir plastiktir. PET etiketleri, yiyecek ve i\u00e7ecek, ila\u00e7 ve kozmetik gibi \u00e7e\u015fitli sekt\u00f6rlerdeki \u00fcr\u00fcnleri etiketlemek i\u00e7in m\u00fckemmel bir se\u00e7imdir.<\/p>\n<p>PET etiketlerin ana faydalar\u0131ndan biri dayan\u0131kl\u0131l\u0131klar\u0131d\u0131r. PET malzeme neme, \u0131s\u0131ya ve kimyasallara kar\u015f\u0131 diren\u00e7li oldu\u011fundan, zorlu ortamlara dayanmas\u0131 gereken \u00fcr\u00fcnlerin etiketlenmesi i\u00e7in idealdir. PET etiketleri ayr\u0131ca \u00e7izilmeye kar\u015f\u0131 dayan\u0131kl\u0131d\u0131r, bu da etiketin uzun s\u00fcreli kullan\u0131mdan sonra bile okunakl\u0131 ve \u00e7ekici kalmas\u0131n\u0131 sa\u011flar.<\/p>\n<p>PET etiketleri ayn\u0131 zamanda \u00e7evre dostu bir etiketleme \u00e7\u00f6z\u00fcm\u00fcd\u00fcr. PET malzeme %100 geri d\u00f6n\u00fc\u015ft\u00fcr\u00fclebilir, yani eritilip yeni \u00fcr\u00fcnler olu\u015fturmak i\u00e7in yeniden kullan\u0131labilir. PET etiketler ayn\u0131 zamanda hafiftir, bu da her bir etiketi \u00fcretmek i\u00e7in gereken malzeme miktar\u0131n\u0131 azalt\u0131r ve di\u011fer etiketleme malzemelerine k\u0131yasla onlar\u0131 daha s\u00fcrd\u00fcr\u00fclebilir bir se\u00e7enek haline getirir.<\/p>\n<p>PET etiketlerinin bir di\u011fer avantaj\u0131 da \u00e7ok y\u00f6nl\u00fc olmalar\u0131d\u0131r. PET etiketler, \u00e7e\u015fitli renk ve tasar\u0131mlarla bas\u0131labilir, bu da onlar\u0131 marka bilinci olu\u015fturma ve promosyon ama\u00e7lar\u0131 i\u00e7in ideal hale getirir. PET etiketler, logolar\u0131, metinleri ve di\u011fer grafikleri i\u00e7erecek \u015fekilde \u00f6zelle\u015ftirilebilir. B\u00f6ylece marka bilinirli\u011fi olu\u015fturmaya ve sat\u0131\u015flar\u0131 art\u0131rmaya yard\u0131mc\u0131 olabilecek etkili bir pazarlama arac\u0131 haline getirir.<\/p>\n<p>PET etiketler, yiyecek ve i\u00e7ecek end\u00fcstrisinde \u015fi\u015felenmi\u015f su, me\u015frubat ve at\u0131\u015ft\u0131rmal\u0131k ambalaj\u0131 gibi \u00fcr\u00fcnleri etiketlemek i\u00e7in yayg\u0131n olarak kullan\u0131lmaktad\u0131r. PET malzemenin neme dayan\u0131kl\u0131 \u00f6zellikleri, onu i\u00e7ecekler ve g\u0131da \u00fcr\u00fcnleri gibi neme maruz kalan \u00fcr\u00fcnlerin etiketlenmesi i\u00e7in ideal hale getirir. PET etiketleri ayr\u0131ca, PET malzemenin dayan\u0131kl\u0131l\u0131\u011f\u0131 ve \u00e7izilmezlik \u00f6zelliklerinin, etiketin uzun s\u00fcreli kullan\u0131mdan sonra bile okunabilir ve \u00e7ekici kalmas\u0131n\u0131 sa\u011flad\u0131\u011f\u0131 ila\u00e7 ve kozmetik end\u00fcstrilerinde de yayg\u0131n olarak kullan\u0131lmaktad\u0131r.<\/p>\n<p>Dayan\u0131kl\u0131l\u0131k ve \u00e7ok y\u00f6nl\u00fcl\u00fcklerine ek olarak, PET etiketler de uygun maliyetlidir. PET malzeme kolayca bulunabiliyor ve bu da onu her b\u00fcy\u00fckl\u00fckteki i\u015fletme i\u00e7in uygun maliyetli bir etiketleme se\u00e7ene\u011fi haline getiriyor. PET etiketleri, i\u015fletmelerin b\u00fct\u00e7elerine ve bask\u0131 ihtiya\u00e7lar\u0131na en uygun bask\u0131 y\u00f6ntemini se\u00e7melerine olanak tan\u0131yan dijital bask\u0131 ve fleksografik bask\u0131 dahil olmak \u00fczere bir dizi bask\u0131 tekni\u011fi kullan\u0131larak da bas\u0131labilir.<\/p>\n<p>Sonu\u00e7 olarak, PET etiketleri, \u00e7ok \u00e7e\u015fitli end\u00fcstriler i\u00e7in ideal, dayan\u0131kl\u0131, \u00e7ok y\u00f6nl\u00fc, \u00e7evre dostu ve uygun maliyetli bir etiketleme \u00e7\u00f6z\u00fcm\u00fcd\u00fcr. \u0130ster marka bilinci olu\u015fturma, ister dekorasyon veya promosyon ama\u00e7l\u0131 olsun, PET etiketler, kesinlikle dikkat \u00e7ekecek \u00e7ekici ve okunakl\u0131 etiketler olu\u015fturmak i\u00e7in m\u00fckemmel bir se\u00e7imdir. PET etiketler, neme dayan\u0131kl\u0131 ve \u00e7izilmez \u00f6zellikleriyle, yiyecek ve i\u00e7ecek, ila\u00e7 ve kozmetik sekt\u00f6rlerindeki i\u015fletmeler i\u00e7in pop\u00fcler bir se\u00e7imdir.[\/vc_column_text][\/vc_column][\/vc_row][vc_row][vc_column][vc_column_text][\/vc_column_text][\/vc_column][\/vc_row]<\/p>\n<\/section>","protected":false},"excerpt":{"rendered":"<p>[vc_row][vc_column][vc_column_text]PET etiketler, polyesterin bir formu olan polietilen tereftalat (PET) malzemeden \u00fcretilen bir etiket t\u00fcr\u00fcd\u00fcr. PET, su \u015fi\u015feleri, g\u0131da kaplar\u0131 ve ambalaj &#8230;<\/p>\n","protected":false},"author":1,"featured_media":0,"parent":1165,"menu_order":8,"comment_status":"closed","ping_status":"closed","template":"","meta":{"footnotes":""},"class_list":["post-1187","page","type-page","status-publish","hentry"],"_links":{"self":[{"href":"https:\/\/napolglobal.com\/tr\/wp-json\/wp\/v2\/pages\/1187","targetHints":{"allow":["GET"]}}],"collection":[{"href":"https:\/\/napolglobal.com\/tr\/wp-json\/wp\/v2\/pages"}],"about":[{"href":"https:\/\/napolglobal.com\/tr\/wp-json\/wp\/v2\/types\/page"}],"author":[{"embeddable":true,"href":"https:\/\/napolglobal.com\/tr\/wp-json\/wp\/v2\/users\/1"}],"replies":[{"embeddable":true,"href":"https:\/\/napolglobal.com\/tr\/wp-json\/wp\/v2\/comments?post=1187"}],"version-history":[{"count":3,"href":"https:\/\/napolglobal.com\/tr\/wp-json\/wp\/v2\/pages\/1187\/revisions"}],"predecessor-version":[{"id":1368,"href":"https:\/\/napolglobal.com\/tr\/wp-json\/wp\/v2\/pages\/1187\/revisions\/1368"}],"up":[{"embeddable":true,"href":"https:\/\/napolglobal.com\/tr\/wp-json\/wp\/v2\/pages\/1165"}],"wp:attachment":[{"href":"https:\/\/napolglobal.com\/tr\/wp-json\/wp\/v2\/media?parent=1187"}],"curies":[{"name":"wp","href":"https:\/\/api.w.org\/{rel}","templated":true}]}}