{"id":1185,"date":"2023-07-19T05:17:58","date_gmt":"2023-07-19T05:17:58","guid":{"rendered":"https:\/\/new.napolglobal.com\/applications\/composites\/"},"modified":"2023-11-27T07:33:24","modified_gmt":"2023-11-27T07:33:24","slug":"metallize-etiketler","status":"publish","type":"page","link":"https:\/\/napolglobal.com\/tr\/products\/etiketler\/metallize-etiketler\/","title":{"rendered":"Metallize Etiketler"},"content":{"rendered":"<section class=\"wpb-content-wrapper\"><p>[vc_row][vc_column][vc_column_text]Metallize etiketler, ince bir metalik malzeme tabakas\u0131 ile kaplanm\u0131\u015f bir etiket t\u00fcr\u00fcd\u00fcr, \u00f6rne\u011fin al\u00fcminyum, alt\u0131n veya g\u00fcm\u00fc\u015f. Metal kaplama, etikete parlak, yans\u0131t\u0131c\u0131 bir g\u00f6r\u00fcn\u00fcm kazand\u0131r\u0131r ve hem dikkat \u00e7ekici hem de \u00e7ekici olur. Metallize etiketler, ka\u011f\u0131t, plastik veya metal gibi \u00e7e\u015fitli malzemelerden yap\u0131labilece\u011fi gibi, genellikle markalama, dekorasyon ve tan\u0131t\u0131m ama\u00e7lar\u0131 i\u00e7in kullan\u0131l\u0131r.<\/p>\n<p>Metallize etiketler genellikle \u015farap \u015fi\u015feleri, \u00e7ikolata kutular\u0131 ve at\u0131\u015ft\u0131rmal\u0131k ambalajlar\u0131 gibi \u00fcr\u00fcnleri etiketlemek i\u00e7in g\u0131da ve i\u00e7ecek end\u00fcstrisinde kullan\u0131l\u0131r. Etiketteki metalik y\u00fczey, \u00fcr\u00fcne premium ve l\u00fcks bir his verir ve m\u00fc\u015fteriler i\u00e7in daha \u00e7ekici hale getirir. Metallize etiketler, parf\u00fcm ve cilt bak\u0131m \u00fcr\u00fcnleri gibi kozmetik end\u00fcstrisinde de kullan\u0131labilir, burada metalik y\u00fczey bir dokunu\u015fu elegan ve sofistike hale getirir.<\/p>\n<p>G\u0131da ve kozmetik end\u00fcstrisinin yan\u0131 s\u0131ra, metallize etiketler mobil telefonlar, diz\u00fcst\u00fc bilgisayarlar ve di\u011fer cihazlar gibi \u00fcr\u00fcnleri etiketlemek i\u00e7in elektronik end\u00fcstrisinde de kullan\u0131l\u0131r. Etiketteki metalik y\u00fczey, \u00fcr\u00fcne daha modern bir g\u00f6r\u00fcn\u00fcm kazand\u0131r\u0131r ve gen\u00e7 t\u00fcketiciler aras\u0131nda \u00f6zellikle pop\u00fclerdir. Metallize etiketler, makine ve ekipmanlar\u0131 etiketlemek gibi end\u00fcstriyel ama\u00e7lar i\u00e7in de kullan\u0131labilir, burada yans\u0131t\u0131c\u0131 y\u00fczey, etiketi d\u00fc\u015f\u00fck \u0131\u015f\u0131k ko\u015fullar\u0131nda okumay\u0131 kolayla\u015ft\u0131r\u0131r.<\/p>\n<p>Metallize etiketlerinin bir di\u011fer faydas\u0131 da \u00e7ok y\u00f6nl\u00fcl\u00fckleridir. Farkl\u0131 renklerde ve tasar\u0131mlarda bas\u0131labilirler, b\u00f6ylece markalama ve tan\u0131t\u0131m ama\u00e7lar\u0131 i\u00e7in idealdirler. Metallize etiketler logolar\u0131, metinleri ve di\u011fer grafikleri i\u00e7erecek \u015fekilde \u00f6zelle\u015ftirilebilirler ve marka fark\u0131ndal\u0131\u011f\u0131n\u0131 art\u0131rarak sat\u0131\u015flar\u0131 art\u0131rmak i\u00e7in etkili bir pazarlama arac\u0131 olabilirler.<\/p>\n<p>Sonu\u00e7 olarak, metallize etiketler, \u00e7e\u015fitli ama\u00e7lar i\u00e7in kullan\u0131labilecek \u00e7ok y\u00f6nl\u00fc ve etkili bir etiketleme \u00e7\u00f6z\u00fcm\u00fcd\u00fcr. Markalama, dekorasyon veya tan\u0131t\u0131m ama\u00e7lar\u0131 i\u00e7in olsun, metallize etiketler dikkat \u00e7ekici ve \u00e7ekici etiketler olu\u015fturmak i\u00e7in m\u00fckemmel bir se\u00e7enektir. Dayan\u0131kl\u0131l\u0131klar\u0131, \u00e7ok y\u00f6nl\u00fcl\u00fckleri ve yans\u0131t\u0131c\u0131 y\u00fczeyleri ile metallize etiketler, g\u0131da ve kozmetikten elektronik ve end\u00fcstriyel uygulamalara kadar \u00e7e\u015fitli end\u00fcstrilerdeki i\u015fletmeler i\u00e7in pop\u00fcler bir se\u00e7enektirler.[\/vc_column_text][\/vc_column][\/vc_row][vc_row][vc_column][vc_column_text][\/vc_column_text][\/vc_column][\/vc_row]<\/p>\n<\/section>","protected":false},"excerpt":{"rendered":"<p>[vc_row][vc_column][vc_column_text]Metallize etiketler, ince bir metalik malzeme tabakas\u0131 ile kaplanm\u0131\u015f bir etiket t\u00fcr\u00fcd\u00fcr, \u00f6rne\u011fin al\u00fcminyum, alt\u0131n veya g\u00fcm\u00fc\u015f. Metal kaplama, etikete parlak, &#8230;<\/p>\n","protected":false},"author":1,"featured_media":0,"parent":1165,"menu_order":7,"comment_status":"closed","ping_status":"closed","template":"","meta":{"footnotes":""},"class_list":["post-1185","page","type-page","status-publish","hentry"],"_links":{"self":[{"href":"https:\/\/napolglobal.com\/tr\/wp-json\/wp\/v2\/pages\/1185","targetHints":{"allow":["GET"]}}],"collection":[{"href":"https:\/\/napolglobal.com\/tr\/wp-json\/wp\/v2\/pages"}],"about":[{"href":"https:\/\/napolglobal.com\/tr\/wp-json\/wp\/v2\/types\/page"}],"author":[{"embeddable":true,"href":"https:\/\/napolglobal.com\/tr\/wp-json\/wp\/v2\/users\/1"}],"replies":[{"embeddable":true,"href":"https:\/\/napolglobal.com\/tr\/wp-json\/wp\/v2\/comments?post=1185"}],"version-history":[{"count":3,"href":"https:\/\/napolglobal.com\/tr\/wp-json\/wp\/v2\/pages\/1185\/revisions"}],"predecessor-version":[{"id":1367,"href":"https:\/\/napolglobal.com\/tr\/wp-json\/wp\/v2\/pages\/1185\/revisions\/1367"}],"up":[{"embeddable":true,"href":"https:\/\/napolglobal.com\/tr\/wp-json\/wp\/v2\/pages\/1165"}],"wp:attachment":[{"href":"https:\/\/napolglobal.com\/tr\/wp-json\/wp\/v2\/media?parent=1185"}],"curies":[{"name":"wp","href":"https:\/\/api.w.org\/{rel}","templated":true}]}}