{"id":1177,"date":"2023-07-19T05:05:10","date_gmt":"2023-07-19T05:05:10","guid":{"rendered":"https:\/\/new.napolglobal.com\/products\/specialised-silicone-coatings\/"},"modified":"2023-11-27T07:31:47","modified_gmt":"2023-11-27T07:31:47","slug":"floresan-etiket","status":"publish","type":"page","link":"https:\/\/napolglobal.com\/tr\/products\/etiketler\/floresan-etiket\/","title":{"rendered":"Floresan Etiketler"},"content":{"rendered":"<section class=\"wpb-content-wrapper\"><p>[vc_row][vc_column][vc_column_text]Floresan etiket, floresan pigmentler i\u00e7eren ve ultraviyole \u0131\u015f\u0131\u011fa maruz kald\u0131\u011f\u0131nda \u0131\u015f\u0131k yayd\u0131ran bir etiket t\u00fcr\u00fcd\u00fcr. Bu etiketler ka\u011f\u0131t veya sentetik malzemelerden yap\u0131lm\u0131\u015f olup genellikle g\u00fcvenlik, koruma ve tan\u0131t\u0131m ama\u00e7lar\u0131 i\u00e7in kullan\u0131l\u0131rlar. Floresan etiketler, parlak ve cesur renkleri nedeniyle neon veya g\u00fcn\u0131\u015f\u0131\u011f\u0131 etiketleri olarak da bilinirler.<\/p>\n<p>Floresan etiketler, i\u015fyerinde g\u00fcvenlik ama\u00e7l\u0131 olarak s\u0131k\u00e7a kullan\u0131l\u0131r. Bu etiketler genellikle tehlikeli maddeleri, makineleri, ekipmanlar\u0131 vb. i\u015faretlemek i\u00e7in kullan\u0131l\u0131r ve \u00e7al\u0131\u015fanlar\u0131 potansiyel tehlikelere kar\u015f\u0131 uyar\u0131r. \u00d6rne\u011fin, floresan etiketler, yang\u0131n s\u00f6nd\u00fcr\u00fcc\u00fcler, ilk yard\u0131m \u00e7antalar\u0131 ve acil \u00e7\u0131k\u0131\u015flar\u0131n konumunu belirtmek i\u00e7in kullan\u0131labilir.<\/p>\n<p>G\u00fcvenli\u011fin yan\u0131 s\u0131ra, floresan etiketler koruma ama\u00e7l\u0131 da kullan\u0131l\u0131r. Bu etiketler, h\u0131rs\u0131zl\u0131\u011f\u0131 \u00f6nlemek ve envanteri takip etmek i\u00e7in varl\u0131klar\u0131 ve ekipmanlar\u0131 i\u015faretlemek i\u00e7in kullan\u0131labilir. Floresan etiketler, \u00fcr\u00fcnlere \u00e7ekici ve ilgi \u00e7ekici tasar\u0131mlarla etiketleme gibi tan\u0131t\u0131m ama\u00e7lar\u0131 i\u00e7in de kullan\u0131labilirler.<\/p>\n<p>Floresan etiketlerin kullan\u0131m\u0131, end\u00fcstriyel veya ticari uygulamalarla s\u0131n\u0131rl\u0131 de\u011fildir. Bu etiketler, sanat ve el sanatlar\u0131 toplulu\u011funda da pop\u00fclerdir ve e\u015fsiz ve ilgi \u00e7ekici tasar\u0131mlar olu\u015fturmak i\u00e7in kullan\u0131l\u0131rlar. Floresan etiketler, \u00f6zel \u00e7\u0131kartmalar, karalama defteri sayfalar\u0131 ve di\u011fer sanat projeleri olu\u015fturmak i\u00e7in kullan\u0131labilirler.<\/p>\n<p>Floresan etiketler k\u0131rm\u0131z\u0131, turuncu, sar\u0131, ye\u015fil ve pembe gibi \u00e7e\u015fitli renklerde gelir. Bu renkler s\u0131k \u200b\u200bs\u0131k bir arada kullan\u0131larak, hem ilgi \u00e7ekici hem de bilgilendirici \u00e7ok renkli etiketler olu\u015fturmak i\u00e7in kullan\u0131l\u0131r. Floresan etiketler, logolar, metinler ve di\u011fer grafikleri i\u00e7erecek \u015fekilde \u00f6zelle\u015ftirilebilir, bu da markalama ve tan\u0131t\u0131m ama\u00e7lar\u0131 i\u00e7in ideal hale getirir.<\/p>\n<p>Genel olarak, floresan etiketler, bir\u00e7ok ama\u00e7 i\u00e7in kullan\u0131lan \u00e7ok y\u00f6nl\u00fc ve etkili bir etiketleme \u00e7\u00f6z\u00fcm\u00fcd\u00fcr. G\u00fcvenlik, koruma veya tan\u0131t\u0131m ama\u00e7l\u0131 olsun, floresan etiketler, dikkat \u00e7ekici ve ilgi \u00e7ekici etiketler olu\u015fturmak i\u00e7in m\u00fckemmel bir se\u00e7imdir ve kesinlikle fark edilirler.[\/vc_column_text][\/vc_column][\/vc_row][vc_row][vc_column][vc_column_text][\/vc_column_text][\/vc_column][\/vc_row]<\/p>\n<\/section>","protected":false},"excerpt":{"rendered":"<p>[vc_row][vc_column][vc_column_text]Floresan etiket, floresan pigmentler i\u00e7eren ve ultraviyole \u0131\u015f\u0131\u011fa maruz kald\u0131\u011f\u0131nda \u0131\u015f\u0131k yayd\u0131ran bir etiket t\u00fcr\u00fcd\u00fcr. Bu etiketler ka\u011f\u0131t veya sentetik malzemelerden &#8230;<\/p>\n","protected":false},"author":1,"featured_media":0,"parent":1165,"menu_order":6,"comment_status":"closed","ping_status":"closed","template":"","meta":{"footnotes":""},"class_list":["post-1177","page","type-page","status-publish","hentry"],"_links":{"self":[{"href":"https:\/\/napolglobal.com\/tr\/wp-json\/wp\/v2\/pages\/1177","targetHints":{"allow":["GET"]}}],"collection":[{"href":"https:\/\/napolglobal.com\/tr\/wp-json\/wp\/v2\/pages"}],"about":[{"href":"https:\/\/napolglobal.com\/tr\/wp-json\/wp\/v2\/types\/page"}],"author":[{"embeddable":true,"href":"https:\/\/napolglobal.com\/tr\/wp-json\/wp\/v2\/users\/1"}],"replies":[{"embeddable":true,"href":"https:\/\/napolglobal.com\/tr\/wp-json\/wp\/v2\/comments?post=1177"}],"version-history":[{"count":4,"href":"https:\/\/napolglobal.com\/tr\/wp-json\/wp\/v2\/pages\/1177\/revisions"}],"predecessor-version":[{"id":1365,"href":"https:\/\/napolglobal.com\/tr\/wp-json\/wp\/v2\/pages\/1177\/revisions\/1365"}],"up":[{"embeddable":true,"href":"https:\/\/napolglobal.com\/tr\/wp-json\/wp\/v2\/pages\/1165"}],"wp:attachment":[{"href":"https:\/\/napolglobal.com\/tr\/wp-json\/wp\/v2\/media?parent=1177"}],"curies":[{"name":"wp","href":"https:\/\/api.w.org\/{rel}","templated":true}]}}