{"id":1176,"date":"2023-07-19T05:03:48","date_gmt":"2023-07-19T05:03:48","guid":{"rendered":"https:\/\/new.napolglobal.com\/products\/repulpable-release-liner\/"},"modified":"2023-11-27T07:45:18","modified_gmt":"2023-11-27T07:45:18","slug":"su-bazli-akrilik-tutkal","status":"publish","type":"page","link":"https:\/\/napolglobal.com\/tr\/products\/tutkal\/su-bazli-akrilik-tutkal\/","title":{"rendered":"Su Bazl\u0131 Akrilik Tutkal"},"content":{"rendered":"<section class=\"wpb-content-wrapper\"><p>[vc_row][vc_column][vc_column_text]Su bazl\u0131 akrilik yap\u0131\u015ft\u0131r\u0131c\u0131, suda da\u011f\u0131lm\u0131\u015f akrilik polimerlerden olu\u015fan bir yap\u0131\u015ft\u0131r\u0131c\u0131 t\u00fcr\u00fcd\u00fcr. Ambalaj, in\u015faat ve otomotiv end\u00fcstrileri dahil olmak \u00fczere \u00e7e\u015fitli uygulamalarda kullan\u0131lan pop\u00fcler bir yap\u0131\u015ft\u0131r\u0131c\u0131d\u0131r. Bu yaz\u0131m\u0131zda su bazl\u0131 akrilik yap\u0131\u015ft\u0131r\u0131c\u0131n\u0131n \u00f6zelliklerini, avantajlar\u0131n\u0131 ve uygulamalar\u0131n\u0131 daha detayl\u0131 inceleyece\u011fiz.<\/p>\n<p>Su Bazl\u0131 Akrilik Yap\u0131\u015ft\u0131r\u0131c\u0131n\u0131n \u00d6zellikleri:<\/p>\n<p>Su bazl\u0131 akrilik yap\u0131\u015ft\u0131r\u0131c\u0131, onu bir\u00e7ok uygulama i\u00e7in pop\u00fcler bir se\u00e7im haline getiren birka\u00e7 temel \u00f6zelli\u011fe sahiptir. Bu \u00f6zellikler \u015funlar\u0131 i\u00e7erir:<\/p>\n<ul>\n<li>D\u00fc\u015f\u00fck VOC emisyonlar\u0131: Su bazl\u0131 akrilik yap\u0131\u015ft\u0131r\u0131c\u0131, d\u00fc\u015f\u00fck u\u00e7ucu organik bile\u015fik (VOC) emisyonlar\u0131na sahiptir, bu da onu \u00e7evre dostu bir yap\u0131\u015ft\u0131r\u0131c\u0131 yapar.<\/li>\n<li>Toksik Olmayan: Su bazl\u0131 akrilik yap\u0131\u015ft\u0131r\u0131c\u0131 toksik de\u011fildir, bu da onu tehlikeli olmayan malzemeler gerektiren uygulamalarda kullan\u0131ma uygun hale getirir.<\/li>\n<li>\u0130yi yap\u0131\u015fma: Su bazl\u0131 akrilik yap\u0131\u015ft\u0131r\u0131c\u0131, iyi yap\u0131\u015fma \u00f6zelliklerine sahiptir ve bu da onu ka\u011f\u0131t, karton ve plastik dahil olmak \u00fczere \u00e7ok \u00e7e\u015fitli malzemeleri yap\u0131\u015ft\u0131rmaya uygun hale getirir.<\/li>\n<li>H\u0131zl\u0131 kuruma s\u00fcresi: Su bazl\u0131 akrilik yap\u0131\u015ft\u0131r\u0131c\u0131 h\u0131zl\u0131 kurur, yap\u0131\u015ft\u0131rma i\u00e7in gereken s\u00fcreyi azalt\u0131r ve daha h\u0131zl\u0131 \u00fcretim s\u00fcre\u00e7leri sa\u011flar.<\/li>\n<\/ul>\n<p>Su Bazl\u0131 Akrilik Yap\u0131\u015ft\u0131r\u0131c\u0131n\u0131n Avantajlar\u0131:<\/p>\n<p>Su bazl\u0131 akrilik yap\u0131\u015ft\u0131r\u0131c\u0131, di\u011fer yap\u0131\u015ft\u0131r\u0131c\u0131 t\u00fcrlerine g\u00f6re \u00e7e\u015fitli avantajlar sunar:<\/p>\n<ul>\n<li>\u00c7evre dostu: Su bazl\u0131 akrilik yap\u0131\u015ft\u0131r\u0131c\u0131, d\u00fc\u015f\u00fck VOC emisyonlar\u0131na sahip oldu\u011fundan \u00e7evre dostu bir yap\u0131\u015ft\u0131r\u0131c\u0131d\u0131r.<\/li>\n<li>Toksik Olmayan: Su bazl\u0131 akrilik yap\u0131\u015ft\u0131r\u0131c\u0131 toksik de\u011fildir, bu da onu tehlikeli olmayan malzemeler gerektiren uygulamalarda kullan\u0131ma uygun hale getirir.<\/li>\n<li>Kolay temizlenir: Su bazl\u0131 akrilik yap\u0131\u015ft\u0131r\u0131c\u0131n\u0131n suyla temizlenmesi kolayd\u0131r, bu da kullan\u0131m\u0131n\u0131 kolayla\u015ft\u0131r\u0131r ve olu\u015fan at\u0131k miktar\u0131n\u0131 azalt\u0131r.<\/li>\n<li>\u0130yi yap\u0131\u015fma g\u00fcc\u00fc: Su bazl\u0131 akrilik yap\u0131\u015ft\u0131r\u0131c\u0131, iyi bir yap\u0131\u015fma g\u00fcc\u00fcne sahiptir, bu da onu g\u00fc\u00e7l\u00fc ba\u011flar gerektiren uygulamalarda kullan\u0131ma uygun hale getirir.<\/li>\n<\/ul>\n<p>Su Bazl\u0131 Akrilik Yap\u0131\u015ft\u0131r\u0131c\u0131n\u0131n Kullan\u0131m Alanlar\u0131:<\/p>\n<p>Su bazl\u0131 akrilik yap\u0131\u015ft\u0131r\u0131c\u0131, a\u015fa\u011f\u0131dakiler de dahil olmak \u00fczere \u00e7e\u015fitli end\u00fcstrilerde bir\u00e7ok uygulamaya sahiptir:<\/p>\n<ul>\n<li>Paketleme end\u00fcstrisi: Su bazl\u0131 akrilik yap\u0131\u015ft\u0131r\u0131c\u0131, s\u0131zd\u0131rmaz kutular ve torbalar gibi paketleme uygulamalar\u0131nda kullan\u0131l\u0131r.<\/li>\n<li>\u0130n\u015faat sekt\u00f6r\u00fc: Su bazl\u0131 akrilik yap\u0131\u015ft\u0131r\u0131c\u0131, in\u015faat sekt\u00f6r\u00fcnde ah\u015fap, metal, plastik gibi malzemelerin yap\u0131\u015ft\u0131r\u0131lmas\u0131nda kullan\u0131lmaktad\u0131r.<\/li>\n<li>Otomotiv end\u00fcstrisi: D\u00f6\u015feme, g\u00f6sterge paneli ve kap\u0131 panelleri gibi otomotiv par\u00e7alar\u0131n\u0131 yap\u0131\u015ft\u0131rmak i\u00e7in su bazl\u0131 akrilik yap\u0131\u015ft\u0131r\u0131c\u0131 kullan\u0131l\u0131r.<\/li>\n<li>Tekstil end\u00fcstrisi: Su bazl\u0131 akrilik yap\u0131\u015ft\u0131r\u0131c\u0131, kuma\u015f ve hal\u0131 gibi tekstillerin yap\u0131\u015ft\u0131r\u0131lmas\u0131nda kullan\u0131l\u0131r.<\/li>\n<li>T\u0131p end\u00fcstrisi: Su bazl\u0131 akrilik yap\u0131\u015ft\u0131r\u0131c\u0131, yara bak\u0131m\u0131 ve cerrahi bant gibi t\u0131bbi uygulamalarda kullan\u0131l\u0131r.<\/li>\n<\/ul>\n<p>\u00c7\u00f6z\u00fcm:<\/p>\n<p>Su bazl\u0131 akrilik yap\u0131\u015ft\u0131r\u0131c\u0131, \u00e7e\u015fitli end\u00fcstrilerde bir\u00e7ok uygulamaya sahip \u00e7ok y\u00f6nl\u00fc bir yap\u0131\u015ft\u0131r\u0131c\u0131d\u0131r. \u00c7evre dostu olmas\u0131, toksik olmamas\u0131 ve kolay temizlenebilir olmas\u0131 gibi \u00e7e\u015fitli avantajlar sunar. Su bazl\u0131 akrilik yap\u0131\u015ft\u0131r\u0131c\u0131, iyi bir yap\u0131\u015fma g\u00fcc\u00fcne sahiptir ve bu da onu g\u00fc\u00e7l\u00fc ba\u011flar gerektiren uygulamalarda kullan\u0131ma uygun hale getirir. \u0130yi yap\u0131\u015fma \u00f6zellikleri, h\u0131zl\u0131 kuruma s\u00fcresi ve toksik olmayan do\u011fas\u0131 onu bir\u00e7ok end\u00fcstri i\u00e7in pop\u00fcler bir se\u00e7im haline getirir.<\/p>\n<p>[\/vc_column_text][\/vc_column][\/vc_row][vc_row][vc_column][vc_column_text][\/vc_column_text][\/vc_column][\/vc_row]<\/p>\n<\/section>","protected":false},"excerpt":{"rendered":"<p>[vc_row][vc_column][vc_column_text]Su bazl\u0131 akrilik yap\u0131\u015ft\u0131r\u0131c\u0131, suda da\u011f\u0131lm\u0131\u015f akrilik polimerlerden olu\u015fan bir yap\u0131\u015ft\u0131r\u0131c\u0131 t\u00fcr\u00fcd\u00fcr. Ambalaj, in\u015faat ve otomotiv end\u00fcstrileri dahil olmak \u00fczere \u00e7e\u015fitli &#8230;<\/p>\n","protected":false},"author":1,"featured_media":0,"parent":1173,"menu_order":3,"comment_status":"closed","ping_status":"closed","template":"","meta":{"footnotes":""},"class_list":["post-1176","page","type-page","status-publish","hentry"],"_links":{"self":[{"href":"https:\/\/napolglobal.com\/tr\/wp-json\/wp\/v2\/pages\/1176","targetHints":{"allow":["GET"]}}],"collection":[{"href":"https:\/\/napolglobal.com\/tr\/wp-json\/wp\/v2\/pages"}],"about":[{"href":"https:\/\/napolglobal.com\/tr\/wp-json\/wp\/v2\/types\/page"}],"author":[{"embeddable":true,"href":"https:\/\/napolglobal.com\/tr\/wp-json\/wp\/v2\/users\/1"}],"replies":[{"embeddable":true,"href":"https:\/\/napolglobal.com\/tr\/wp-json\/wp\/v2\/comments?post=1176"}],"version-history":[{"count":3,"href":"https:\/\/napolglobal.com\/tr\/wp-json\/wp\/v2\/pages\/1176\/revisions"}],"predecessor-version":[{"id":1377,"href":"https:\/\/napolglobal.com\/tr\/wp-json\/wp\/v2\/pages\/1176\/revisions\/1377"}],"up":[{"embeddable":true,"href":"https:\/\/napolglobal.com\/tr\/wp-json\/wp\/v2\/pages\/1173"}],"wp:attachment":[{"href":"https:\/\/napolglobal.com\/tr\/wp-json\/wp\/v2\/media?parent=1176"}],"curies":[{"name":"wp","href":"https:\/\/api.w.org\/{rel}","templated":true}]}}