{"id":1175,"date":"2023-07-19T05:02:33","date_gmt":"2023-07-19T05:02:33","guid":{"rendered":"https:\/\/new.napolglobal.com\/products\/composites\/"},"modified":"2023-11-27T07:42:30","modified_gmt":"2023-11-27T07:42:30","slug":"solvent-akrilik-tutkal","status":"publish","type":"page","link":"https:\/\/napolglobal.com\/tr\/products\/tutkal\/solvent-akrilik-tutkal\/","title":{"rendered":"Solvent Akrilik Tutkal"},"content":{"rendered":"<section class=\"wpb-content-wrapper\"><p>[vc_row][vc_column][vc_column_text]Solvent akrilik yap\u0131\u015ft\u0131r\u0131c\u0131, t\u0131p, otomotiv ve in\u015faat end\u00fcstrileri dahil olmak \u00fczere \u00e7e\u015fitli end\u00fcstrilerde yayg\u0131n olarak kullan\u0131lan bir yap\u0131\u015ft\u0131r\u0131c\u0131 t\u00fcr\u00fcd\u00fcr. Bir \u00e7\u00f6z\u00fcc\u00fc i\u00e7inde \u00e7\u00f6z\u00fclm\u00fc\u015f akrilik polimerlerden olu\u015fan sentetik bir yap\u0131\u015ft\u0131r\u0131c\u0131d\u0131r. Bu yaz\u0131da solvent akrilik yap\u0131\u015ft\u0131r\u0131c\u0131n\u0131n \u00f6zelliklerini, avantajlar\u0131n\u0131 ve uygulamalar\u0131n\u0131 daha detayl\u0131 inceleyece\u011fiz.<\/p>\n<p>Solvent Akrilik Yap\u0131\u015ft\u0131r\u0131c\u0131n\u0131n \u00d6zellikleri:<\/p>\n<p>Solvent akrilik yap\u0131\u015ft\u0131r\u0131c\u0131, onu bir\u00e7ok uygulama i\u00e7in pop\u00fcler bir se\u00e7im haline getiren birka\u00e7 temel \u00f6zelli\u011fe sahiptir. Bu \u00f6zellikler \u015funlar\u0131 i\u00e7erir:<\/p>\n<ul>\n<li>Y\u00fcksek yap\u0131\u015fma: Solvent akrilik yap\u0131\u015ft\u0131r\u0131c\u0131, m\u00fckemmel yap\u0131\u015fma \u00f6zelliklerine sahiptir ve bu da onu plastikler, metaller ve kompozitler dahil olmak \u00fczere \u00e7ok \u00e7e\u015fitli malzemelerin yap\u0131\u015ft\u0131r\u0131lmas\u0131 i\u00e7in uygun hale getirir.<\/li>\n<li>\u0130yi kimyasal diren\u00e7: Solvent akrilik yap\u0131\u015ft\u0131r\u0131c\u0131, solventler, ya\u011flar ve asitler dahil olmak \u00fczere bir\u00e7ok kimyasala kar\u015f\u0131 dayan\u0131kl\u0131d\u0131r.<\/li>\n<li>S\u0131cakl\u0131k direnci: Solvent akrilik yap\u0131\u015ft\u0131r\u0131c\u0131, yap\u0131\u015fma \u00f6zelliklerini kaybetmeden y\u00fcksek s\u0131cakl\u0131klara dayanabilir, bu da onu y\u00fcksek s\u0131cakl\u0131k uygulamalar\u0131nda kullan\u0131ma uygun hale getirir.<\/li>\n<li>UV direnci: Solvent akrilik yap\u0131\u015ft\u0131r\u0131c\u0131, UV \u0131\u015f\u0131nlar\u0131na kar\u015f\u0131 dayan\u0131kl\u0131d\u0131r ve bu da onu d\u0131\u015f mekan uygulamalar\u0131nda kullan\u0131ma uygun hale getirir.<\/li>\n<\/ul>\n<p>Solvent Akrilik Yap\u0131\u015ft\u0131r\u0131c\u0131n\u0131n Avantajlar\u0131:<\/p>\n<p>Solvent akrilik yap\u0131\u015ft\u0131r\u0131c\u0131, di\u011fer yap\u0131\u015ft\u0131r\u0131c\u0131 t\u00fcrlerine g\u00f6re \u00e7e\u015fitli avantajlar sunar:<\/p>\n<ul>\n<li>Y\u00fcksek yap\u0131\u015fma mukavemeti: Solvent akrilik yap\u0131\u015ft\u0131r\u0131c\u0131, m\u00fckemmel ba\u011flanma kuvvetine sahiptir ve bu da onu g\u00fc\u00e7l\u00fc ba\u011flar gerektiren uygulamalarda kullan\u0131ma uygun hale getirir.<\/li>\n<li>H\u0131zl\u0131 kuruma s\u00fcresi: Solvent akrilik yap\u0131\u015ft\u0131r\u0131c\u0131 h\u0131zla kurur, yap\u0131\u015ft\u0131rma i\u00e7in gereken s\u00fcreyi azalt\u0131r ve daha h\u0131zl\u0131 \u00fcretim s\u00fcre\u00e7leri sa\u011flar.<\/li>\n<li>\u00c7ok y\u00f6nl\u00fcl\u00fck: Solvent akrilik yap\u0131\u015ft\u0131r\u0131c\u0131, \u00e7ok \u00e7e\u015fitli malzemeleri yap\u0131\u015ft\u0131rabilir ve bu da onu \u00e7e\u015fitli uygulamalarda kullan\u0131ma uygun hale getirir.<\/li>\n<li>Uzun \u00d6m\u00fcrl\u00fc: Solvent akrilik yap\u0131\u015ft\u0131r\u0131c\u0131 dayan\u0131kl\u0131d\u0131r ve uzun kullan\u0131m \u00f6mr\u00fcne sahiptir, bu da onu uzun s\u00fcreli yap\u0131\u015ft\u0131rma gerektiren uygulamalarda kullan\u0131ma uygun hale getirir.<\/li>\n<\/ul>\n<p>Solvent Akrilik Yap\u0131\u015ft\u0131r\u0131c\u0131 Uygulamalar\u0131:<\/p>\n<p>Solvent akrilik yap\u0131\u015ft\u0131r\u0131c\u0131, a\u015fa\u011f\u0131dakiler dahil olmak \u00fczere \u00e7e\u015fitli end\u00fcstrilerde bir\u00e7ok uygulamaya sahiptir:<\/p>\n<ul>\n<li>Otomotiv end\u00fcstrisi: Solvent akrilik yap\u0131\u015ft\u0131r\u0131c\u0131, trim, g\u00f6sterge paneli ve kap\u0131 panelleri gibi otomotiv par\u00e7alar\u0131n\u0131 yap\u0131\u015ft\u0131rmak i\u00e7in kullan\u0131l\u0131r.<\/li>\n<li>\u0130n\u015faat sekt\u00f6r\u00fc: Solvent akrilik yap\u0131\u015ft\u0131r\u0131c\u0131, in\u015faat sekt\u00f6r\u00fcnde metal, cam, plastik gibi malzemelerin yap\u0131\u015ft\u0131r\u0131lmas\u0131nda kullan\u0131lmaktad\u0131r.<\/li>\n<li>T\u0131p end\u00fcstrisi: Solvent akrilik yap\u0131\u015ft\u0131r\u0131c\u0131, yara bak\u0131m\u0131 ve cerrahi bant gibi t\u0131bbi uygulamalarda kullan\u0131l\u0131r.<\/li>\n<li>Paketleme end\u00fcstrisi: Solvent akrilik yap\u0131\u015ft\u0131r\u0131c\u0131, m\u00fch\u00fcrleme kutular\u0131 ve po\u015fetler gibi paketleme uygulamalar\u0131nda kullan\u0131l\u0131r.<\/li>\n<li>Elektronik end\u00fcstrisi: Devre kartlar\u0131 ve ekranlar gibi elektronik bile\u015fenleri yap\u0131\u015ft\u0131rmak i\u00e7in solvent akrilik yap\u0131\u015ft\u0131r\u0131c\u0131 kullan\u0131l\u0131r.<\/li>\n<\/ul>\n<p>\u00c7\u00f6z\u00fcm:<\/p>\n<p>Solvent akrilik yap\u0131\u015ft\u0131r\u0131c\u0131, \u00e7e\u015fitli end\u00fcstrilerde bir\u00e7ok uygulamaya sahip \u00e7ok y\u00f6nl\u00fc bir yap\u0131\u015ft\u0131r\u0131c\u0131d\u0131r. Y\u00fcksek yap\u0131\u015fma g\u00fcc\u00fc, h\u0131zl\u0131 kuruma s\u00fcresi ve \u00e7ok y\u00f6nl\u00fcl\u00fck gibi \u00e7e\u015fitli avantajlar sunar. Solvent akrilik yap\u0131\u015ft\u0131r\u0131c\u0131 dayan\u0131kl\u0131d\u0131r ve uzun \u00f6m\u00fcrl\u00fcd\u00fcr, bu da onu uzun s\u00fcreli yap\u0131\u015ft\u0131rma gerektiren uygulamalarda kullan\u0131ma uygun hale getirir. M\u00fckemmel yap\u0131\u015fma \u00f6zellikleri, kimyasal ve s\u0131cakl\u0131k direnci ve UV direnci, onu bir\u00e7ok end\u00fcstri i\u00e7in pop\u00fcler bir se\u00e7im haline getirir.[\/vc_column_text][\/vc_column][\/vc_row][vc_row][vc_column][vc_column_text][\/vc_column_text][\/vc_column][\/vc_row]<\/p>\n<\/section>","protected":false},"excerpt":{"rendered":"<p>[vc_row][vc_column][vc_column_text]Solvent akrilik yap\u0131\u015ft\u0131r\u0131c\u0131, t\u0131p, otomotiv ve in\u015faat end\u00fcstrileri dahil olmak \u00fczere \u00e7e\u015fitli end\u00fcstrilerde yayg\u0131n olarak kullan\u0131lan bir yap\u0131\u015ft\u0131r\u0131c\u0131 t\u00fcr\u00fcd\u00fcr. Bir \u00e7\u00f6z\u00fcc\u00fc &#8230;<\/p>\n","protected":false},"author":1,"featured_media":0,"parent":1173,"menu_order":2,"comment_status":"closed","ping_status":"closed","template":"","meta":{"footnotes":""},"class_list":["post-1175","page","type-page","status-publish","hentry"],"_links":{"self":[{"href":"https:\/\/napolglobal.com\/tr\/wp-json\/wp\/v2\/pages\/1175","targetHints":{"allow":["GET"]}}],"collection":[{"href":"https:\/\/napolglobal.com\/tr\/wp-json\/wp\/v2\/pages"}],"about":[{"href":"https:\/\/napolglobal.com\/tr\/wp-json\/wp\/v2\/types\/page"}],"author":[{"embeddable":true,"href":"https:\/\/napolglobal.com\/tr\/wp-json\/wp\/v2\/users\/1"}],"replies":[{"embeddable":true,"href":"https:\/\/napolglobal.com\/tr\/wp-json\/wp\/v2\/comments?post=1175"}],"version-history":[{"count":3,"href":"https:\/\/napolglobal.com\/tr\/wp-json\/wp\/v2\/pages\/1175\/revisions"}],"predecessor-version":[{"id":1376,"href":"https:\/\/napolglobal.com\/tr\/wp-json\/wp\/v2\/pages\/1175\/revisions\/1376"}],"up":[{"embeddable":true,"href":"https:\/\/napolglobal.com\/tr\/wp-json\/wp\/v2\/pages\/1173"}],"wp:attachment":[{"href":"https:\/\/napolglobal.com\/tr\/wp-json\/wp\/v2\/media?parent=1175"}],"curies":[{"name":"wp","href":"https:\/\/api.w.org\/{rel}","templated":true}]}}