{"id":1173,"date":"2023-07-19T04:59:16","date_gmt":"2023-07-19T04:59:16","guid":{"rendered":"https:\/\/new.napolglobal.com\/products\/silicone-coated-specialty-papers\/"},"modified":"2023-11-27T07:38:18","modified_gmt":"2023-11-27T07:38:18","slug":"tutkal","status":"publish","type":"page","link":"https:\/\/napolglobal.com\/tr\/products\/tutkal\/","title":{"rendered":"Tutkal"},"content":{"rendered":"<section class=\"wpb-content-wrapper\"><p>[vc_row][vc_column]\n\t<div class=\"child-page-wrapper \">\n\t\t<div class=\"grid-wrapper grid-2-columns grid-row \">\n\t\t\t<div class=\"grid-item grid-sm-6\">\n\t\t\t\t<h3 class=\"grid-title\"><a href=\"https:\/\/napolglobal.com\/tr\/products\/tutkal\/solvent-akrilik-tutkal\/\" rel=\"bookmark\">Solvent Akrilik Tutkal<\/a><\/h3>\n\n\t\t\t\t<p>[vc_row][vc_column][vc_column_text]Solvent akrilik yap\u0131\u015ft\u0131r\u0131c\u0131, t\u0131p, otomotiv ve in\u015faat end\u00fcstrileri dahil olmak \u00fczere \u00e7e\u015fitli end\u00fcstrilerde yayg\u0131n olarak kullan\u0131lan bir yap\u0131\u015ft\u0131r\u0131c\u0131 t\u00fcr\u00fcd\u00fcr. Bir \u00e7\u00f6z\u00fcc\u00fc ...<\/p>\n\n\t\t\t\t<a class=\"grid-more\" href=\"https:\/\/napolglobal.com\/tr\/products\/tutkal\/solvent-akrilik-tutkal\/\" title=\"Solvent Akrilik Tutkal\">Read More<\/a>\n\n\t\t\t<\/div>\n\t\t\t\n\t\t\t<div class=\"grid-item grid-sm-6\">\n\t\t\t\t<h3 class=\"grid-title\"><a href=\"https:\/\/napolglobal.com\/tr\/products\/tutkal\/su-bazli-akrilik-tutkal\/\" rel=\"bookmark\">Su Bazl\u0131 Akrilik Tutkal<\/a><\/h3>\n\n\t\t\t\t<p>[vc_row][vc_column][vc_column_text]Su bazl\u0131 akrilik yap\u0131\u015ft\u0131r\u0131c\u0131, suda da\u011f\u0131lm\u0131\u015f akrilik polimerlerden olu\u015fan bir yap\u0131\u015ft\u0131r\u0131c\u0131 t\u00fcr\u00fcd\u00fcr. Ambalaj, in\u015faat ve otomotiv end\u00fcstrileri dahil olmak \u00fczere \u00e7e\u015fitli ...<\/p>\n\n\t\t\t\t<a class=\"grid-more\" href=\"https:\/\/napolglobal.com\/tr\/products\/tutkal\/su-bazli-akrilik-tutkal\/\" title=\"Su Bazl\u0131 Akrilik Tutkal\">Read More<\/a>\n\n\t\t\t<\/div>\n\t\t\t\n\t\t\t\t<div class=\"clear\"><\/div>\n\t\t<\/div>\n\t<\/div>[\/vc_column][\/vc_row][vc_row][vc_column][vc_column_text][\/vc_column_text][\/vc_column][\/vc_row]<\/p>\n<\/section>","protected":false},"excerpt":{"rendered":"<p>[vc_row][vc_column][\/vc_column][\/vc_row][vc_row][vc_column][vc_column_text][\/vc_column_text][\/vc_column][\/vc_row]<\/p>\n","protected":false},"author":1,"featured_media":0,"parent":1172,"menu_order":4,"comment_status":"closed","ping_status":"closed","template":"","meta":{"footnotes":""},"class_list":["post-1173","page","type-page","status-publish","hentry"],"_links":{"self":[{"href":"https:\/\/napolglobal.com\/tr\/wp-json\/wp\/v2\/pages\/1173","targetHints":{"allow":["GET"]}}],"collection":[{"href":"https:\/\/napolglobal.com\/tr\/wp-json\/wp\/v2\/pages"}],"about":[{"href":"https:\/\/napolglobal.com\/tr\/wp-json\/wp\/v2\/types\/page"}],"author":[{"embeddable":true,"href":"https:\/\/napolglobal.com\/tr\/wp-json\/wp\/v2\/users\/1"}],"replies":[{"embeddable":true,"href":"https:\/\/napolglobal.com\/tr\/wp-json\/wp\/v2\/comments?post=1173"}],"version-history":[{"count":3,"href":"https:\/\/napolglobal.com\/tr\/wp-json\/wp\/v2\/pages\/1173\/revisions"}],"predecessor-version":[{"id":1373,"href":"https:\/\/napolglobal.com\/tr\/wp-json\/wp\/v2\/pages\/1173\/revisions\/1373"}],"up":[{"embeddable":true,"href":"https:\/\/napolglobal.com\/tr\/wp-json\/wp\/v2\/pages\/1172"}],"wp:attachment":[{"href":"https:\/\/napolglobal.com\/tr\/wp-json\/wp\/v2\/media?parent=1173"}],"curies":[{"name":"wp","href":"https:\/\/api.w.org\/{rel}","templated":true}]}}