{"id":1169,"date":"2023-07-19T04:57:03","date_gmt":"2023-07-19T04:57:03","guid":{"rendered":"https:\/\/new.napolglobal.com\/polyester\/coloured-pet-film\/"},"modified":"2023-11-27T07:27:26","modified_gmt":"2023-11-27T07:27:26","slug":"guvenlik-etiketleri","status":"publish","type":"page","link":"https:\/\/napolglobal.com\/tr\/products\/etiketler\/guvenlik-etiketleri\/","title":{"rendered":"G\u00fcvenlik Etiketleri"},"content":{"rendered":"<section class=\"wpb-content-wrapper\"><p>[vc_row][vc_column][vc_column_text]G\u00fcvenlik etiketleri, \u00fcr\u00fcnlere, paketlere veya di\u011fer \u00f6\u011felere ek bir g\u00fcvenlik d\u00fczeyi sa\u011flamak i\u00e7in tasarlanm\u0131\u015f etiketlerdir. Genellikle hologramlar, filigranlar, seri numaralar\u0131 veya etiketi kopyalamay\u0131 veya taklit etmeyi zorla\u015ft\u0131ran di\u011fer tasar\u0131m \u00f6\u011feleri gibi \u00f6zel \u00f6zellikler i\u00e7erirler.<\/p>\n<p>G\u00fcvenlik etiketlerinin \u00f6nemi, sahtecili\u011fe ve di\u011fer \u00fcr\u00fcn doland\u0131r\u0131c\u0131l\u0131k bi\u00e7imlerine kar\u015f\u0131 koruma sa\u011flamalar\u0131ndad\u0131r. Bu, i\u015fletmeler i\u00e7in mali kay\u0131plar\u0131n \u00f6nlenmesine yard\u0131mc\u0131 olabilir ve t\u00fcketicilerin orijinal \u00fcr\u00fcnler almas\u0131n\u0131 sa\u011flayabilir.<\/p>\n<p>G\u00fcvenlik etiketleri, \u00fcr\u00fcn etiketleme, paketleme, banknotlar, pasaportlar ve g\u00fcvenli\u011fin \u00f6nemli oldu\u011fu di\u011fer \u00f6\u011feler dahil olmak \u00fczere \u00e7e\u015fitli uygulamalarda kullan\u0131labilir.<\/p>\n<p>G\u00fcvenlik etiketi rulolar\u0131n\u0131 en iyi kullanan pazar, ila\u00e7, elektronik ve l\u00fcks e\u015fya sekt\u00f6rleri gibi \u00fcr\u00fcn g\u00fcvenli\u011finin ve marka korumas\u0131n\u0131n \u00f6nemli oldu\u011fu sekt\u00f6rler olabilir. Bu sekt\u00f6rlerde g\u00fcvenlik etiketlerinin kullan\u0131lmas\u0131, \u00fcr\u00fcnlerin taklit edilmemesini, kurcalanmamas\u0131n\u0131 veya ba\u015fka bir \u015fekilde tehlikeye at\u0131lmamas\u0131n\u0131 sa\u011flamaya ve markan\u0131n b\u00fct\u00fcnl\u00fc\u011f\u00fcn\u00fcn korunmas\u0131na yard\u0131mc\u0131 olur.[\/vc_column_text][\/vc_column][\/vc_row][vc_row][vc_column][vc_column_text][\/vc_column_text][\/vc_column][\/vc_row]<\/p>\n<\/section>","protected":false},"excerpt":{"rendered":"<p>[vc_row][vc_column][vc_column_text]G\u00fcvenlik etiketleri, \u00fcr\u00fcnlere, paketlere veya di\u011fer \u00f6\u011felere ek bir g\u00fcvenlik d\u00fczeyi sa\u011flamak i\u00e7in tasarlanm\u0131\u015f etiketlerdir. Genellikle hologramlar, filigranlar, seri numaralar\u0131 veya &#8230;<\/p>\n","protected":false},"author":1,"featured_media":0,"parent":1165,"menu_order":4,"comment_status":"closed","ping_status":"closed","template":"","meta":{"footnotes":""},"class_list":["post-1169","page","type-page","status-publish","hentry"],"_links":{"self":[{"href":"https:\/\/napolglobal.com\/tr\/wp-json\/wp\/v2\/pages\/1169","targetHints":{"allow":["GET"]}}],"collection":[{"href":"https:\/\/napolglobal.com\/tr\/wp-json\/wp\/v2\/pages"}],"about":[{"href":"https:\/\/napolglobal.com\/tr\/wp-json\/wp\/v2\/types\/page"}],"author":[{"embeddable":true,"href":"https:\/\/napolglobal.com\/tr\/wp-json\/wp\/v2\/users\/1"}],"replies":[{"embeddable":true,"href":"https:\/\/napolglobal.com\/tr\/wp-json\/wp\/v2\/comments?post=1169"}],"version-history":[{"count":3,"href":"https:\/\/napolglobal.com\/tr\/wp-json\/wp\/v2\/pages\/1169\/revisions"}],"predecessor-version":[{"id":1363,"href":"https:\/\/napolglobal.com\/tr\/wp-json\/wp\/v2\/pages\/1169\/revisions\/1363"}],"up":[{"embeddable":true,"href":"https:\/\/napolglobal.com\/tr\/wp-json\/wp\/v2\/pages\/1165"}],"wp:attachment":[{"href":"https:\/\/napolglobal.com\/tr\/wp-json\/wp\/v2\/media?parent=1169"}],"curies":[{"name":"wp","href":"https:\/\/api.w.org\/{rel}","templated":true}]}}