{"id":1168,"date":"2023-07-19T04:56:04","date_gmt":"2023-07-19T04:56:04","guid":{"rendered":"https:\/\/new.napolglobal.com\/polyester\/aluminium-metallised-pet-film\/"},"modified":"2023-11-27T07:05:25","modified_gmt":"2023-11-27T07:05:25","slug":"pp-etiket","status":"publish","type":"page","link":"https:\/\/napolglobal.com\/tr\/products\/etiketler\/pp-etiket\/","title":{"rendered":"PP Etiket"},"content":{"rendered":"<section class=\"wpb-content-wrapper\"><p>[vc_row][vc_column][vc_column_text]PP etiket veya Polipropilen etiket, \u00fcst filmi polipropilen ad\u0131 verilen sentetik bir malzemeden yap\u0131lm\u0131\u015f kendinden yap\u0131\u015fkanl\u0131 bir etiket t\u00fcr\u00fcd\u00fcr. Polipropilen, g\u00fc\u00e7l\u00fc, neme kar\u015f\u0131 mukavemeti olan bir malzemedir. Bu \u00f6zellikleri onu etiketleme uygulamalar\u0131nda kullan\u0131m i\u00e7in ideal k\u0131lar.<\/p>\n<p>\u00c7ok y\u00f6nl\u00fc bir malzeme olan PP etiketler, promosyon malzemeleri, paketleme dahil olmak \u00fczere \u00e7ok \u00e7e\u015fitli etiketleme uygulamalar\u0131nda kullan\u0131labilir.<\/p>\n<p>PP etiketleri, yiyecek ve i\u00e7ecek, ila\u00e7, kozmetik ve di\u011ferleri dahil olmak \u00fczere \u00e7e\u015fitli sekt\u00f6rlerde kullan\u0131labilir.<\/p>\n<p>Y\u00fcksek kaliteli bask\u0131 ve g\u00fc\u00e7l\u00fc yap\u0131\u015fma sa\u011flama \u00f6zellikleri sayesinde, PP Etiketler hayat\u0131m\u0131z\u0131n her noktas\u0131nda kar\u015f\u0131m\u0131za \u00e7\u0131karlar.[\/vc_column_text][\/vc_column][\/vc_row][vc_row][vc_column][vc_column_text][\/vc_column_text][\/vc_column][\/vc_row]<\/p>\n<\/section>","protected":false},"excerpt":{"rendered":"<p>[vc_row][vc_column][vc_column_text]PP etiket veya Polipropilen etiket, \u00fcst filmi polipropilen ad\u0131 verilen sentetik bir malzemeden yap\u0131lm\u0131\u015f kendinden yap\u0131\u015fkanl\u0131 bir etiket t\u00fcr\u00fcd\u00fcr. Polipropilen, g\u00fc\u00e7l\u00fc, &#8230;<\/p>\n","protected":false},"author":1,"featured_media":0,"parent":1165,"menu_order":3,"comment_status":"closed","ping_status":"closed","template":"","meta":{"footnotes":""},"class_list":["post-1168","page","type-page","status-publish","hentry"],"_links":{"self":[{"href":"https:\/\/napolglobal.com\/tr\/wp-json\/wp\/v2\/pages\/1168","targetHints":{"allow":["GET"]}}],"collection":[{"href":"https:\/\/napolglobal.com\/tr\/wp-json\/wp\/v2\/pages"}],"about":[{"href":"https:\/\/napolglobal.com\/tr\/wp-json\/wp\/v2\/types\/page"}],"author":[{"embeddable":true,"href":"https:\/\/napolglobal.com\/tr\/wp-json\/wp\/v2\/users\/1"}],"replies":[{"embeddable":true,"href":"https:\/\/napolglobal.com\/tr\/wp-json\/wp\/v2\/comments?post=1168"}],"version-history":[{"count":3,"href":"https:\/\/napolglobal.com\/tr\/wp-json\/wp\/v2\/pages\/1168\/revisions"}],"predecessor-version":[{"id":1362,"href":"https:\/\/napolglobal.com\/tr\/wp-json\/wp\/v2\/pages\/1168\/revisions\/1362"}],"up":[{"embeddable":true,"href":"https:\/\/napolglobal.com\/tr\/wp-json\/wp\/v2\/pages\/1165"}],"wp:attachment":[{"href":"https:\/\/napolglobal.com\/tr\/wp-json\/wp\/v2\/media?parent=1168"}],"curies":[{"name":"wp","href":"https:\/\/api.w.org\/{rel}","templated":true}]}}