{"id":1167,"date":"2023-07-19T04:55:08","date_gmt":"2023-07-19T04:55:08","guid":{"rendered":"https:\/\/new.napolglobal.com\/polyester\/anti-static-pet-film\/"},"modified":"2023-11-23T14:01:14","modified_gmt":"2023-11-23T14:01:14","slug":"termal-etiket","status":"publish","type":"page","link":"https:\/\/napolglobal.com\/tr\/products\/etiketler\/termal-etiket\/","title":{"rendered":"Termal Etiket"},"content":{"rendered":"<section class=\"wpb-content-wrapper\"><p>[vc_row][vc_column][vc_column_text]Termal etiket, termal transfer bask\u0131 i\u00e7in \u00f6zel olarak tasarlanm\u0131\u015f bir t\u00fcr etikettir.<\/p>\n<p>Termal etiketler, m\u00fcrekkebi bir \u015feritten etiket y\u00fczeyine aktarmak i\u00e7in \u0131s\u0131 kullanan ve y\u00fcksek kaliteli, dayan\u0131kl\u0131 bask\u0131lar olu\u015fturan, kendinden yap\u0131\u015fkanl\u0131 etiketlerdir. Di\u011fer bask\u0131 y\u00f6ntemlerinden farkl\u0131 olarak, termal transfer bask\u0131 h\u0131zl\u0131 ve de\u011fi\u015fkliklere \u00e7obuk adapte olur.<\/p>\n<p>Termal etiketlerin \u00f6nemi, \u00e7ok y\u00f6nl\u00fcl\u00fcklerinde ve dayan\u0131kl\u0131l\u0131klar\u0131nda yatmaktad\u0131r. Termal etiketler, \u00fcr\u00fcn etiketleme, nakliye ve lojistik, barkodlama ve varl\u0131k y\u00f6netimi dahil olmak \u00fczere \u00e7ok \u00e7e\u015fitli uygulamalar i\u00e7in uygundur. Is\u0131 transferli bask\u0131 i\u015flemi, zorlu veya zorlu ortamlar i\u00e7in ideal olan y\u00fcksek kaliteli, bula\u015fmaya ve \u00e7izilmeye kar\u015f\u0131 dayan\u0131kl\u0131 bask\u0131lar \u00fcretir.<\/p>\n<p>Termal etiketler, depolar, perakende ma\u011fazalar\u0131 ve da\u011f\u0131t\u0131m merkezleri dahil olmak \u00fczere \u00e7e\u015fitli ortamlarda kullan\u0131labilir. T\u0131p, ila\u00e7 ve g\u0131da end\u00fcstrilerinde kullan\u0131lanlar gibi hassas ve okunakl\u0131 bask\u0131 gerektiren \u00fcr\u00fcnleri etiketlemek i\u00e7in \u00f6zellikle yararl\u0131d\u0131rlar.<\/p>\n<p>Termal etiket rulolar\u0131n\u0131n en iyi bask\u0131 geni\u015fli\u011fi, \u00f6zel uygulamaya ve kullan\u0131lan ekipmana ba\u011fl\u0131 olarak de\u011fi\u015febilir.[\/vc_column_text][\/vc_column][\/vc_row][vc_row][vc_column][vc_column_text][\/vc_column_text][\/vc_column][\/vc_row]<\/p>\n<\/section>","protected":false},"excerpt":{"rendered":"<p>[vc_row][vc_column][vc_column_text]Termal etiket, termal transfer bask\u0131 i\u00e7in \u00f6zel olarak tasarlanm\u0131\u015f bir t\u00fcr etikettir. Termal etiketler, m\u00fcrekkebi bir \u015feritten etiket y\u00fczeyine aktarmak i\u00e7in &#8230;<\/p>\n","protected":false},"author":1,"featured_media":0,"parent":1165,"menu_order":2,"comment_status":"closed","ping_status":"closed","template":"","meta":{"footnotes":""},"class_list":["post-1167","page","type-page","status-publish","hentry"],"_links":{"self":[{"href":"https:\/\/napolglobal.com\/tr\/wp-json\/wp\/v2\/pages\/1167","targetHints":{"allow":["GET"]}}],"collection":[{"href":"https:\/\/napolglobal.com\/tr\/wp-json\/wp\/v2\/pages"}],"about":[{"href":"https:\/\/napolglobal.com\/tr\/wp-json\/wp\/v2\/types\/page"}],"author":[{"embeddable":true,"href":"https:\/\/napolglobal.com\/tr\/wp-json\/wp\/v2\/users\/1"}],"replies":[{"embeddable":true,"href":"https:\/\/napolglobal.com\/tr\/wp-json\/wp\/v2\/comments?post=1167"}],"version-history":[{"count":4,"href":"https:\/\/napolglobal.com\/tr\/wp-json\/wp\/v2\/pages\/1167\/revisions"}],"predecessor-version":[{"id":1360,"href":"https:\/\/napolglobal.com\/tr\/wp-json\/wp\/v2\/pages\/1167\/revisions\/1360"}],"up":[{"embeddable":true,"href":"https:\/\/napolglobal.com\/tr\/wp-json\/wp\/v2\/pages\/1165"}],"wp:attachment":[{"href":"https:\/\/napolglobal.com\/tr\/wp-json\/wp\/v2\/media?parent=1167"}],"curies":[{"name":"wp","href":"https:\/\/api.w.org\/{rel}","templated":true}]}}