{"id":1166,"date":"2023-07-19T04:52:54","date_gmt":"2023-07-19T04:52:54","guid":{"rendered":"https:\/\/new.napolglobal.com\/polyester\/super-smooth-pet-film\/"},"modified":"2023-11-23T13:54:09","modified_gmt":"2023-11-23T13:54:09","slug":"kuse-etiket","status":"publish","type":"page","link":"https:\/\/napolglobal.com\/tr\/products\/etiketler\/kuse-etiket\/","title":{"rendered":"Ku\u015fe Etiket"},"content":{"rendered":"<section class=\"wpb-content-wrapper\"><p>[vc_row][vc_column][vc_column_text]Parlak Ku\u015fe etiket kendinden yap\u0131\u015fkanl\u0131 olarak \u00fcretilmi\u015f olup, \u00e7ok parlak bir y\u00fczeye sahiptir. Y\u00fcksek kalite ihtiyac\u0131 duyulan resim ve grafik bask\u0131lar\u0131da kulan\u0131lmaktad\u0131r.<\/p>\n<p>Bu etiketler, \u00fcr\u00fcn etiketleme, promosyon malzemeleri, paketleme ve y\u00fcksek kaliteli bask\u0131 ve g\u00fc\u00e7l\u00fc yap\u0131\u015fman\u0131n istendi\u011fi di\u011fer uygulamalar dahil olmak \u00fczere \u00e7e\u015fitli uygulamalarda kullan\u0131labilir.<\/p>\n<p>Ambalaj sekt\u00f6r\u00fc i\u00e7in Parlak ku\u015fe etiketlerinin \u00f6nemi, \u00e7ekici ve g\u00f6z al\u0131c\u0131 g\u00f6r\u00fcn\u00fcmleri sayesinde \u00fcr\u00fcnleri farkl\u0131la\u015ft\u0131rmak suretiyle, t\u00fcketiciler i\u00e7in cazip hale getirmesidir. Ku\u015fe etiketler y\u00fcksek yap\u0131\u015fma g\u00fc\u00e7leriyle \u00fcr\u00fcnlerin korunmas\u0131na yard\u0131mc\u0131 olup, t\u00fcketiciye kalite alg\u0131s\u0131 y\u00fcksek \u00fcr\u00fcnler sa\u011flam\u0131\u015f olurlar.[\/vc_column_text][\/vc_column][\/vc_row][vc_row][vc_column][vc_column_text][\/vc_column_text][\/vc_column][\/vc_row]<\/p>\n<\/section>","protected":false},"excerpt":{"rendered":"<p>[vc_row][vc_column][vc_column_text]Parlak Ku\u015fe etiket kendinden yap\u0131\u015fkanl\u0131 olarak \u00fcretilmi\u015f olup, \u00e7ok parlak bir y\u00fczeye sahiptir. Y\u00fcksek kalite ihtiyac\u0131 duyulan resim ve grafik bask\u0131lar\u0131da &#8230;<\/p>\n","protected":false},"author":1,"featured_media":0,"parent":1165,"menu_order":1,"comment_status":"closed","ping_status":"closed","template":"","meta":{"footnotes":""},"class_list":["post-1166","page","type-page","status-publish","hentry"],"_links":{"self":[{"href":"https:\/\/napolglobal.com\/tr\/wp-json\/wp\/v2\/pages\/1166","targetHints":{"allow":["GET"]}}],"collection":[{"href":"https:\/\/napolglobal.com\/tr\/wp-json\/wp\/v2\/pages"}],"about":[{"href":"https:\/\/napolglobal.com\/tr\/wp-json\/wp\/v2\/types\/page"}],"author":[{"embeddable":true,"href":"https:\/\/napolglobal.com\/tr\/wp-json\/wp\/v2\/users\/1"}],"replies":[{"embeddable":true,"href":"https:\/\/napolglobal.com\/tr\/wp-json\/wp\/v2\/comments?post=1166"}],"version-history":[{"count":4,"href":"https:\/\/napolglobal.com\/tr\/wp-json\/wp\/v2\/pages\/1166\/revisions"}],"predecessor-version":[{"id":1358,"href":"https:\/\/napolglobal.com\/tr\/wp-json\/wp\/v2\/pages\/1166\/revisions\/1358"}],"up":[{"embeddable":true,"href":"https:\/\/napolglobal.com\/tr\/wp-json\/wp\/v2\/pages\/1165"}],"wp:attachment":[{"href":"https:\/\/napolglobal.com\/tr\/wp-json\/wp\/v2\/media?parent=1166"}],"curies":[{"name":"wp","href":"https:\/\/api.w.org\/{rel}","templated":true}]}}