{"id":1165,"date":"2023-07-19T04:53:25","date_gmt":"2023-07-19T04:53:25","guid":{"rendered":"https:\/\/new.napolglobal.com\/polyester\/"},"modified":"2023-12-08T06:53:57","modified_gmt":"2023-12-08T06:53:57","slug":"etiketler","status":"publish","type":"page","link":"https:\/\/napolglobal.com\/tr\/products\/etiketler\/","title":{"rendered":"Etiketler"},"content":{"rendered":"<section class=\"wpb-content-wrapper\"><p>[vc_row][vc_column]\n\t<div class=\"child-page-wrapper \">\n\t\t<div class=\"grid-wrapper grid-2-columns grid-row \">\n\t\t\t<div class=\"grid-item grid-sm-6\">\n\t\t\t\t<h3 class=\"grid-title\"><a href=\"https:\/\/napolglobal.com\/tr\/products\/etiketler\/kuse-etiket\/\" rel=\"bookmark\">Ku\u015fe Etiket<\/a><\/h3>\n\n\t\t\t\t<p>[vc_row][vc_column][vc_column_text]Parlak Ku\u015fe etiket kendinden yap\u0131\u015fkanl\u0131 olarak \u00fcretilmi\u015f olup, \u00e7ok parlak bir y\u00fczeye sahiptir. Y\u00fcksek kalite ihtiyac\u0131 duyulan resim ve grafik bask\u0131lar\u0131da ...<\/p>\n\n\t\t\t\t<a class=\"grid-more\" href=\"https:\/\/napolglobal.com\/tr\/products\/etiketler\/kuse-etiket\/\" title=\"Ku\u015fe Etiket\">Read More<\/a>\n\n\t\t\t<\/div>\n\t\t\t\n\t\t\t<div class=\"grid-item grid-sm-6\">\n\t\t\t\t<h3 class=\"grid-title\"><a href=\"https:\/\/napolglobal.com\/tr\/products\/etiketler\/termal-etiket\/\" rel=\"bookmark\">Termal Etiket<\/a><\/h3>\n\n\t\t\t\t<p>[vc_row][vc_column][vc_column_text]Termal etiket, termal transfer bask\u0131 i\u00e7in \u00f6zel olarak tasarlanm\u0131\u015f bir t\u00fcr etikettir. Termal etiketler, m\u00fcrekkebi bir \u015feritten etiket y\u00fczeyine aktarmak i\u00e7in ...<\/p>\n\n\t\t\t\t<a class=\"grid-more\" href=\"https:\/\/napolglobal.com\/tr\/products\/etiketler\/termal-etiket\/\" title=\"Termal Etiket\">Read More<\/a>\n\n\t\t\t<\/div>\n\t\t\t\n\t\t\t\t<div class=\"clear\"><\/div>\n\t\t\t<div class=\"grid-item grid-sm-6\">\n\t\t\t\t<h3 class=\"grid-title\"><a href=\"https:\/\/napolglobal.com\/tr\/products\/etiketler\/pp-etiket\/\" rel=\"bookmark\">PP Etiket<\/a><\/h3>\n\n\t\t\t\t<p>[vc_row][vc_column][vc_column_text]PP etiket veya Polipropilen etiket, \u00fcst filmi polipropilen ad\u0131 verilen sentetik bir malzemeden yap\u0131lm\u0131\u015f kendinden yap\u0131\u015fkanl\u0131 bir etiket t\u00fcr\u00fcd\u00fcr. Polipropilen, g\u00fc\u00e7l\u00fc, ...<\/p>\n\n\t\t\t\t<a class=\"grid-more\" href=\"https:\/\/napolglobal.com\/tr\/products\/etiketler\/pp-etiket\/\" title=\"PP Etiket\">Read More<\/a>\n\n\t\t\t<\/div>\n\t\t\t\n\t\t\t<div class=\"grid-item grid-sm-6\">\n\t\t\t\t<h3 class=\"grid-title\"><a href=\"https:\/\/napolglobal.com\/tr\/products\/etiketler\/guvenlik-etiketleri\/\" rel=\"bookmark\">G\u00fcvenlik Etiketleri<\/a><\/h3>\n\n\t\t\t\t<p>[vc_row][vc_column][vc_column_text]G\u00fcvenlik etiketleri, \u00fcr\u00fcnlere, paketlere veya di\u011fer \u00f6\u011felere ek bir g\u00fcvenlik d\u00fczeyi sa\u011flamak i\u00e7in tasarlanm\u0131\u015f etiketlerdir. Genellikle hologramlar, filigranlar, seri numaralar\u0131 veya ...<\/p>\n\n\t\t\t\t<a class=\"grid-more\" href=\"https:\/\/napolglobal.com\/tr\/products\/etiketler\/guvenlik-etiketleri\/\" title=\"G\u00fcvenlik Etiketleri\">Read More<\/a>\n\n\t\t\t<\/div>\n\t\t\t\n\t\t\t\t<div class=\"clear\"><\/div>\n\t\t\t<div class=\"grid-item grid-sm-6\">\n\t\t\t\t<h3 class=\"grid-title\"><a href=\"https:\/\/napolglobal.com\/tr\/products\/etiketler\/floresan-etiket\/\" rel=\"bookmark\">Floresan Etiketler<\/a><\/h3>\n\n\t\t\t\t<p>[vc_row][vc_column][vc_column_text]Floresan etiket, floresan pigmentler i\u00e7eren ve ultraviyole \u0131\u015f\u0131\u011fa maruz kald\u0131\u011f\u0131nda \u0131\u015f\u0131k yayd\u0131ran bir etiket t\u00fcr\u00fcd\u00fcr. Bu etiketler ka\u011f\u0131t veya sentetik malzemelerden ...<\/p>\n\n\t\t\t\t<a class=\"grid-more\" href=\"https:\/\/napolglobal.com\/tr\/products\/etiketler\/floresan-etiket\/\" title=\"Floresan Etiketler\">Read More<\/a>\n\n\t\t\t<\/div>\n\t\t\t\n\t\t\t<div class=\"grid-item grid-sm-6\">\n\t\t\t\t<h3 class=\"grid-title\"><a href=\"https:\/\/napolglobal.com\/tr\/products\/etiketler\/metallize-etiketler\/\" rel=\"bookmark\">Metallize Etiketler<\/a><\/h3>\n\n\t\t\t\t<p>[vc_row][vc_column][vc_column_text]Metallize etiketler, ince bir metalik malzeme tabakas\u0131 ile kaplanm\u0131\u015f bir etiket t\u00fcr\u00fcd\u00fcr, \u00f6rne\u011fin al\u00fcminyum, alt\u0131n veya g\u00fcm\u00fc\u015f. Metal kaplama, etikete parlak, ...<\/p>\n\n\t\t\t\t<a class=\"grid-more\" href=\"https:\/\/napolglobal.com\/tr\/products\/etiketler\/metallize-etiketler\/\" title=\"Metallize Etiketler\">Read More<\/a>\n\n\t\t\t<\/div>\n\t\t\t\n\t\t\t\t<div class=\"clear\"><\/div>\n\t\t\t<div class=\"grid-item grid-sm-6\">\n\t\t\t\t<h3 class=\"grid-title\"><a href=\"https:\/\/napolglobal.com\/tr\/products\/etiketler\/pet-etiketler\/\" rel=\"bookmark\">PET Etiketler<\/a><\/h3>\n\n\t\t\t\t<p>[vc_row][vc_column][vc_column_text]PET etiketler, polyesterin bir formu olan polietilen tereftalat (PET) malzemeden \u00fcretilen bir etiket t\u00fcr\u00fcd\u00fcr. PET, su \u015fi\u015feleri, g\u0131da kaplar\u0131 ve ambalaj ...<\/p>\n\n\t\t\t\t<a class=\"grid-more\" href=\"https:\/\/napolglobal.com\/tr\/products\/etiketler\/pet-etiketler\/\" title=\"PET Etiketler\">Read More<\/a>\n\n\t\t\t<\/div>\n\t\t\t\n\t\t\t<div class=\"grid-item grid-sm-6\">\n\t\t\t\t<h3 class=\"grid-title\"><a href=\"https:\/\/napolglobal.com\/tr\/products\/etiketler\/vellum-etiketler\/\" rel=\"bookmark\">Vellum Etiketler<\/a><\/h3>\n\n\t\t\t\t<p>[vc_row][vc_column][vc_column_text]Vellum Etiketler 1. Hamur ded\u011fimiz ka\u011f\u0131tlardan imal edilmektedir. 70GSM ve 65GSM genel olarak \u00e7ok kullan\u0131lanlar\u0131d\u0131r. Vellum etiketler genellikle \u015feffaf, mat veya ...<\/p>\n\n\t\t\t\t<a class=\"grid-more\" href=\"https:\/\/napolglobal.com\/tr\/products\/etiketler\/vellum-etiketler\/\" title=\"Vellum Etiketler\">Read More<\/a>\n\n\t\t\t<\/div>\n\t\t\t\n\t\t\t\t<div class=\"clear\"><\/div>\n\t\t<\/div>\n\t<\/div>[\/vc_column][\/vc_row][vc_row][vc_column][\/vc_column][\/vc_row]<\/p>\n<\/section>","protected":false},"excerpt":{"rendered":"<p>[vc_row][vc_column][\/vc_column][\/vc_row][vc_row][vc_column][\/vc_column][\/vc_row]<\/p>\n","protected":false},"author":1,"featured_media":0,"parent":1172,"menu_order":3,"comment_status":"closed","ping_status":"closed","template":"","meta":{"footnotes":""},"class_list":["post-1165","page","type-page","status-publish","hentry"],"_links":{"self":[{"href":"https:\/\/napolglobal.com\/tr\/wp-json\/wp\/v2\/pages\/1165","targetHints":{"allow":["GET"]}}],"collection":[{"href":"https:\/\/napolglobal.com\/tr\/wp-json\/wp\/v2\/pages"}],"about":[{"href":"https:\/\/napolglobal.com\/tr\/wp-json\/wp\/v2\/types\/page"}],"author":[{"embeddable":true,"href":"https:\/\/napolglobal.com\/tr\/wp-json\/wp\/v2\/users\/1"}],"replies":[{"embeddable":true,"href":"https:\/\/napolglobal.com\/tr\/wp-json\/wp\/v2\/comments?post=1165"}],"version-history":[{"count":5,"href":"https:\/\/napolglobal.com\/tr\/wp-json\/wp\/v2\/pages\/1165\/revisions"}],"predecessor-version":[{"id":1417,"href":"https:\/\/napolglobal.com\/tr\/wp-json\/wp\/v2\/pages\/1165\/revisions\/1417"}],"up":[{"embeddable":true,"href":"https:\/\/napolglobal.com\/tr\/wp-json\/wp\/v2\/pages\/1172"}],"wp:attachment":[{"href":"https:\/\/napolglobal.com\/tr\/wp-json\/wp\/v2\/media?parent=1165"}],"curies":[{"name":"wp","href":"https:\/\/api.w.org\/{rel}","templated":true}]}}