{"id":1630,"date":"2023-12-20T10:21:03","date_gmt":"2023-12-20T10:21:03","guid":{"rendered":"https:\/\/napolglobal.com\/?page_id=1630"},"modified":"2024-02-27T12:35:01","modified_gmt":"2024-02-27T12:35:01","slug":"pet-film","status":"publish","type":"page","link":"https:\/\/napolglobal.com\/de\/products\/silikonlu-kagit\/pet-film\/","title":{"rendered":"PET Film"},"content":{"rendered":"<section class=\"wpb-content-wrapper\"><p>[vc_row margin_top=&#8221;-40&#8243;][vc_column][vc_column_text]<\/p>\n<div>\n<p>Polyester filmler (PET) y\u00fcksek mukavemet, \u00e7ok y\u00fcksek s\u0131cakl\u0131k dayan\u0131m\u0131 ve 12 mikrona kadar olan d\u00fc\u015f\u00fck kal\u0131nl\u0131klarda bile y\u00fcksek performans ve maliyet avantaj\u0131 sa\u011flar.<\/p>\n<p>Polyester filmler, elektronik, yap\u0131 izolasyon ve medikal gibi bir\u00e7ok sekt\u00f6rde kullan\u0131l\u0131r. PET\u2019in sert ve p\u00fcr\u00fczs\u00fcz y\u00fczeyi, kesme, dilimleme uygulamalar\u0131 i\u00e7in idealdir.<\/p>\n<\/div>\n<p>[\/vc_column_text][vc_btn title=&#8221;\u00dcr\u00fcn Kombinasyonlar\u0131&#8221; size=&#8221;lg&#8221; align=&#8221;left&#8221; button_block=&#8221;true&#8221; css=&#8221;.vc_custom_1705387585693{margin-top: -20px !important;}&#8221;][vc_column_text]<\/p>\n<table style=\"height: 95px;\" width=\"590\">\n<tbody>\n<tr>\n<td>Mevcut Kal\u0131nl\u0131klar:<\/td>\n<td>12 \u2013 100 mikron<\/td>\n<\/tr>\n<tr>\n<td>Geni\u015flik:<\/td>\n<td>20mm \u2013 1550mm<\/td>\n<\/tr>\n<tr>\n<td>Renkler:<\/td>\n<td>\u015eeffaf<\/td>\n<\/tr>\n<tr>\n<td>Kaplamalar:<\/td>\n<td>Tek tarafl\u0131<\/td>\n<\/tr>\n<tr>\n<td>Ayr\u0131lma Kuvveti:<\/td>\n<td>3cN\/cm-18cN\/cm<\/td>\n<\/tr>\n<tr>\n<td><\/td>\n<td><\/td>\n<\/tr>\n<tr>\n<td><\/td>\n<td><\/td>\n<\/tr>\n<tr>\n<td><\/td>\n<td><\/td>\n<\/tr>\n<\/tbody>\n<\/table>\n<p>[\/vc_column_text][\/vc_column][\/vc_row][vc_row][vc_column][vc_btn title=&#8221;Uygulamalar&#8221; size=&#8221;lg&#8221; align=&#8221;left&#8221; button_block=&#8221;true&#8221;][vc_column_text]<\/p>\n<ul>\n<li>\u0130zolasyon<\/li>\n<li>Yap\u0131\u015fkan bantlar<\/li>\n<li>Grafik uygulamalar\u0131<\/li>\n<li>Medikal Uygulamalar<\/li>\n<li>Kompozitler<\/li>\n<li>End\u00fcstriyel ve di\u011fer uygulamalar<\/li>\n<\/ul>\n<p>[\/vc_column_text][\/vc_column][\/vc_row]<\/p>\n<\/section>","protected":false},"excerpt":{"rendered":"<p>[vc_row margin_top=&#8221;-40&#8243;][vc_column][vc_column_text] Polyester filmler (PET) y\u00fcksek mukavemet, \u00e7ok y\u00fcksek s\u0131cakl\u0131k dayan\u0131m\u0131 ve 12 mikrona kadar olan d\u00fc\u015f\u00fck kal\u0131nl\u0131klarda bile y\u00fcksek performans &#8230;<\/p>\n","protected":false},"author":1,"featured_media":0,"parent":1154,"menu_order":7,"comment_status":"closed","ping_status":"closed","template":"","meta":{"footnotes":""},"class_list":["post-1630","page","type-page","status-publish","hentry"],"_links":{"self":[{"href":"https:\/\/napolglobal.com\/de\/wp-json\/wp\/v2\/pages\/1630","targetHints":{"allow":["GET"]}}],"collection":[{"href":"https:\/\/napolglobal.com\/de\/wp-json\/wp\/v2\/pages"}],"about":[{"href":"https:\/\/napolglobal.com\/de\/wp-json\/wp\/v2\/types\/page"}],"author":[{"embeddable":true,"href":"https:\/\/napolglobal.com\/de\/wp-json\/wp\/v2\/users\/1"}],"replies":[{"embeddable":true,"href":"https:\/\/napolglobal.com\/de\/wp-json\/wp\/v2\/comments?post=1630"}],"version-history":[{"count":1,"href":"https:\/\/napolglobal.com\/de\/wp-json\/wp\/v2\/pages\/1630\/revisions"}],"predecessor-version":[{"id":1631,"href":"https:\/\/napolglobal.com\/de\/wp-json\/wp\/v2\/pages\/1630\/revisions\/1631"}],"up":[{"embeddable":true,"href":"https:\/\/napolglobal.com\/de\/wp-json\/wp\/v2\/pages\/1154"}],"wp:attachment":[{"href":"https:\/\/napolglobal.com\/de\/wp-json\/wp\/v2\/media?parent=1630"}],"curies":[{"name":"wp","href":"https:\/\/api.w.org\/{rel}","templated":true}]}}